{"id":45,"date":"2022-03-24T07:55:11","date_gmt":"2022-03-24T06:55:11","guid":{"rendered":"https:\/\/michelbayetto.com\/?page_id=45"},"modified":"2024-09-21T01:21:32","modified_gmt":"2024-09-20T23:21:32","slug":"antepaysage","status":"publish","type":"page","link":"https:\/\/michelbayetto.com\/?page_id=45","title":{"rendered":"Antepaysage"},"content":{"rendered":"\n<div class=\"wp-block-group alignwide is-nowrap is-layout-flex wp-container-core-group-is-layout-bcde1d39 wp-block-group-is-layout-flex\" style=\"border-style:none;border-width:0px;padding-top:0;padding-right:0;padding-bottom:0;padding-left:0\">\n<div class=\"wp-block-columns is-style-twentytwentyone-columns-overlap has-text-align-left is-layout-flex wp-container-core-columns-is-layout-07b7b7eb wp-block-columns-is-layout-flex\" style=\"padding-top:0;padding-right:0;padding-bottom:0;padding-left:0\">\n<div class=\"wp-block-column is-layout-flow wp-block-column-is-layout-flow\" style=\"--col-width:100%;flex-basis:100%\">\n<div class=\"wp-block-group\"><div class=\"wp-block-group__inner-container is-layout-constrained wp-block-group-is-layout-constrained\">\n<div class=\"wp-block-buttons alignwide has-custom-font-size has-extra-large-font-size is-horizontal is-content-justification-left is-nowrap is-layout-flex wp-container-core-buttons-is-layout-7926b886 wp-block-buttons-is-layout-flex\">\n<div class=\"wp-block-button has-custom-font-size is-style-outline has-extra-small-font-size is-style-outline--1\" id=\"popantrofrancais\"><a class=\"wp-block-button__link has-white-color has-black-background-color has-text-color has-background has-link-color has-text-align-left wp-element-button\" href=\"#antefr\" style=\"border-style:none;border-width:0px;padding-top:6px;padding-right:13px;padding-bottom:6px;padding-left:13px\"><strong>EN SAVOIR <\/strong>P<strong>LUS<\/strong>&#8230;<\/a><\/div>\n\n\n\n<div class=\"wp-block-button has-custom-font-size is-style-outline has-extra-small-font-size is-style-outline--2\" id=\"popantrofrancais\"><a class=\"wp-block-button__link has-white-color has-black-background-color has-text-color has-background has-link-color has-text-align-left wp-element-button\" href=\"#antegb\" style=\"border-style:none;border-width:0px;padding-top:6px;padding-right:13px;padding-bottom:6px;padding-left:13px\">LEARN MORE&#8230;<\/a><\/div>\n<\/div>\n<\/div><\/div>\n<\/div>\n<\/div>\n\n\n\n<div class=\"wp-block-columns alignfull is-layout-flex wp-container-core-columns-is-layout-28f84493 wp-block-columns-is-layout-flex\">\n<div class=\"wp-block-column is-vertically-aligned-stretch is-layout-flow wp-block-column-is-layout-flow\" style=\"--col-width:100%;flex-basis:100%\">\n<div class=\"wp-block-group alignfull\"><div class=\"wp-block-group__inner-container is-layout-constrained wp-block-group-is-layout-constrained\">\n<div class=\"wp-block-abs-popup-block abs-popup front\" data-open=\"anchor\" data-anchor=\"antefr\" data-anchorclose=\"\" data-time=\"\" data-dismiss=\"20\" data-offset=\"\" data-outside=\"true\" data-created=\"G2vpA04bGrk3ZRx6cggrC\"><div class=\"abs-modal-wrap\"><div role=\"presentation\" class=\"overlay\" style=\"background-color:#000000;opacity:0.3\"><\/div><div class=\"modal-content\" style=\"min-width:0;border-radius:0\"><div class=\"modal-header\"><button class=\"close\"><span style=\"font-size:60px;color:#000000;line-height:1\">\u2715<\/span><\/button><\/div><div class=\"modal-body\">\n<div class=\"wp-block-group\"><div class=\"wp-block-group__inner-container is-layout-constrained wp-block-group-is-layout-constrained\">\n<div class=\"wp-block-columns alignwide is-style-twentytwentyone-columns-overlap has-text-align-left is-layout-flex wp-container-core-columns-is-layout-28f84493 wp-block-columns-is-layout-flex\">\n<div style=\"--col-width:;\" class=\"wp-block-column is-vertically-aligned-bottom is-layout-flow wp-block-column-is-layout-flow\" id=\"antrofr\">\n<div id=\"antrofr\" class=\"wp-block-group is-style-twentytwentyone-border\" style=\"border-style:none;border-width:0px;padding-top:0;padding-right:0;padding-bottom:0;padding-left:0\"><div class=\"wp-block-group__inner-container is-layout-constrained wp-container-core-group-is-layout-639b5052 wp-block-group-is-layout-constrained\">\n<p>Antepaysage<\/p>\n\n\n\n<div class=\"wp-block-group alignwide\"><div class=\"wp-block-group__inner-container is-layout-constrained wp-block-group-is-layout-constrained\">\n<p>Les antepaysages sont des vues de l&rsquo;esprit. Et si, par vue de l\u2019esprit, on entendait non seulement un lieu commun, mais un lieu particulier, celui \u00ab\u00a0o\u00f9 je vois\u00a0\u00bb plut\u00f4t que \u00ab\u00a0d\u2019o\u00f9 je vois\u00a0\u00bb. Le \u00ab\u00a0je\u00a0\u00bb \u00e9tant toute personne qui parle.<\/p>\n\n\n\n<p>C\u2019est une g\u00e9ographie locale, une g\u00e9ographie de quartier, de proximit\u00e9, d\u2019intimit\u00e9 que je tente de peindre. Les lieux m\u2019apparaissent au fur et \u00e0 mesure. La collection de toiles peintes \u00e0 l\u2019huile, dans des tailles diff\u00e9rentes,&nbsp;partent d\u2019une ligne (horizontale ou verticale) qui se d\u00e9veloppe gr\u00e2ce \u00e0 des techniques picturales traditionnelles&nbsp;: le glacis (un glacis est une&nbsp;couche de peinture transparente que l&rsquo;on superpose \u00e0 une autre d\u00e9j\u00e0 s\u00e8che. Son but est de cr\u00e9er un effet lumineux, qui va donner un effet de profondeur et de subtiles nuances.), l\u2019\u00e9ponge, le sfumato (\u00ab Une mani\u00e8re de noyer les contours dans une vapeur l\u00e9g\u00e8re&nbsp;\u00bb selon Diderot), la superposition des couches, le frottage, le grattage. Antepaysage, pour moi, est un processus de paysage.&nbsp;<\/p>\n<\/div><\/div>\n<\/div><\/div>\n<\/div>\n<\/div>\n<\/div><\/div>\n<\/div><\/div><\/div><\/div>\n\n\n\n<div class=\"wp-block-abs-popup-block abs-popup front\" data-open=\"anchor\" data-anchor=\"antegb\" data-anchorclose=\"\" data-time=\"\" data-dismiss=\"20\" data-offset=\"\" data-outside=\"true\" data-created=\"G2vpA04bGrk3ZRx6cggrC\"><div class=\"abs-modal-wrap\"><div role=\"presentation\" class=\"overlay\" style=\"background-color:#000000;opacity:0.3\"><\/div><div class=\"modal-content\" style=\"min-width:0;border-radius:0\"><div class=\"modal-header\"><button class=\"close\"><span style=\"font-size:60px;color:#000000;line-height:1\">\u2715<\/span><\/button><\/div><div class=\"modal-body\">\n<div class=\"wp-block-columns alignwide are-vertically-aligned-center is-layout-flex wp-container-core-columns-is-layout-28f84493 wp-block-columns-is-layout-flex\">\n<div class=\"wp-block-column is-vertically-aligned-center is-layout-flow wp-block-column-is-layout-flow\" style=\"--col-width:100%;flex-basis:100%\">\n<div class=\"wp-block-group\"><div class=\"wp-block-group__inner-container is-layout-constrained wp-block-group-is-layout-constrained\">\n<div class=\"wp-block-columns alignwide is-style-twentytwentyone-columns-overlap has-text-align-left is-layout-flex wp-container-core-columns-is-layout-28f84493 wp-block-columns-is-layout-flex\">\n<div style=\"--col-width:;\" class=\"wp-block-column is-vertically-aligned-bottom is-layout-flow wp-block-column-is-layout-flow\" id=\"antrofr\">\n<div class=\"wp-block-group alignwide\" id=\"antrofr\"><div class=\"wp-block-group__inner-container is-layout-constrained wp-block-group-is-layout-constrained\">\n<p>Ante landscape<\/p>\n\n\n\n<p>Ante-landscapes are views of the mind. What if, in the mind\u2019s eye, not only a common place was meant, but a particular place, the one \u201cwhere I see\u201d rather \u201cwhere I see from\u201d. \u201cI\u201d being any person I\u2019m talking to?<\/p>\n\n\n\n<p>I\u2019m trying to paint a local geography, a district geography, close-by and intimate. Places appear to me progressively. This collection of canvasses painted in oils, in various sizes, start off from a line (horizontal or vertical) which evolves thanks to traditional painting techniques: glaze (a glaze is a layer of transparent paint which covers another already-dried layer. Its aim is to create an effect of light which lends depth and subtle nuances), sponge, sfumato (\u201ca way of drowning the contours in a light steam\u201d according to Diderot), layering, rubbing and scraping. For me, ante landscape is a landscape process.<\/p>\n<\/div><\/div>\n<\/div>\n<\/div>\n<\/div><\/div>\n<\/div>\n<\/div>\n<\/div><\/div><\/div><\/div>\n<\/div><\/div>\n<\/div>\n<\/div>\n<\/div>\n\n\n\n<div class=\"wp-block-columns alignwide is-layout-flex wp-container-core-columns-is-layout-28f84493 wp-block-columns-is-layout-flex\">\n<div class=\"wp-block-column is-layout-flow wp-block-column-is-layout-flow\" style=\"--col-width:100%;flex-basis:100%\">\n\t\t\t\t\t\n\n\t\t\t\t\t<!-- START UNITE GALLERY 1.7.62 -->\n\t\t\t\t\t\n\t\t\t\t\n\t\t\t<div id='unitegallery_6_1' class='unite-gallery' style='margin:0px auto;'>\n\t\t\t\t\n\n\t\t\t\t\t\t<img decoding=\"async\" alt=\"Don det &gt; huile sur toile &gt; 130 x 97 cm &gt; 2017\"\n\t\t\t\t\t\t     src=\"https:\/\/michelbayetto.com\/wp-content\/uploads\/2022\/07\/Don-det-60F-130X97-bd.jpg\" data-image=\"https:\/\/michelbayetto.com\/wp-content\/uploads\/2022\/07\/Don-det-60F-130X97-bd.jpg\"\n\t\t\t\t\t\t     title=\"\"\n\t\t\t\t\t\t     style=\"display:none\">\n\n\t\t\t\t\t\t<img decoding=\"async\" alt=\"Mekong &gt; huile sur toile &gt; 146 x 144 cm &gt; 2017\"\n\t\t\t\t\t\t     src=\"https:\/\/michelbayetto.com\/wp-content\/uploads\/2022\/07\/Bunker-80F-146x144-1.jpg\" data-image=\"https:\/\/michelbayetto.com\/wp-content\/uploads\/2022\/07\/Bunker-80F-146x144-1.jpg\"\n\t\t\t\t\t\t     title=\"\"\n\t\t\t\t\t\t     style=\"display:none\">\n\n\t\t\t\t\t\t<img decoding=\"async\" alt=\"Cellule grise &gt; huile sur toile &gt; 146 x 144 cm &gt; 2020\"\n\t\t\t\t\t\t     src=\"https:\/\/michelbayetto.com\/wp-content\/uploads\/2022\/07\/Cellule-grise_80F_146x144.jpg\" data-image=\"https:\/\/michelbayetto.com\/wp-content\/uploads\/2022\/07\/Cellule-grise_80F_146x144.jpg\"\n\t\t\t\t\t\t     title=\"\"\n\t\t\t\t\t\t     style=\"display:none\">\n\n\t\t\t\t\t\t<img decoding=\"async\" alt=\"Cellule ombre br\u00fbl\u00e9e &gt; huile sur toile &gt; 73 x 54 cm &gt; 2015\"\n\t\t\t\t\t\t     src=\"https:\/\/michelbayetto.com\/wp-content\/uploads\/2022\/07\/Cellulle-ombre-bru\u0302le\u0301e_73-x-54_BD-1.jpg\" data-image=\"https:\/\/michelbayetto.com\/wp-content\/uploads\/2022\/07\/Cellulle-ombre-bru\u0302le\u0301e_73-x-54_BD-1.jpg\"\n\t\t\t\t\t\t     title=\"\"\n\t\t\t\t\t\t     style=\"display:none\">\n\n\t\t\t\t\t\t<img decoding=\"async\" alt=\"Champs bleu ocre &gt; huile sur toile &gt; 60 x 80 cm &gt; 2019\"\n\t\t\t\t\t\t     src=\"https:\/\/michelbayetto.com\/wp-content\/uploads\/2022\/07\/champs-bleu-ocre-60x80_BD.jpg\" data-image=\"https:\/\/michelbayetto.com\/wp-content\/uploads\/2022\/07\/champs-bleu-ocre-60x80_BD.jpg\"\n\t\t\t\t\t\t     title=\"\"\n\t\t\t\t\t\t     style=\"display:none\">\n\n\t\t\t\t\t\t<img decoding=\"async\" alt=\"Champs de terre &gt; huile sur toile73 x 60_BD\"\n\t\t\t\t\t\t     src=\"https:\/\/michelbayetto.com\/wp-content\/uploads\/2022\/07\/Champs-de-terre_73-x-60_BD.jpg\" data-image=\"https:\/\/michelbayetto.com\/wp-content\/uploads\/2022\/07\/Champs-de-terre_73-x-60_BD.jpg\"\n\t\t\t\t\t\t     title=\"\"\n\t\t\t\t\t\t     style=\"display:none\">\n\n\t\t\t\t\t\t<img decoding=\"async\" alt=\"Champs vif &gt; huile sur toile &gt; 100 x 73 cm &gt; 2015\"\n\t\t\t\t\t\t     src=\"https:\/\/michelbayetto.com\/wp-content\/uploads\/2022\/07\/champs-vif-40P-100x73_BD-scaled.jpg\" data-image=\"https:\/\/michelbayetto.com\/wp-content\/uploads\/2022\/07\/champs-vif-40P-100x73_BD-scaled.jpg\"\n\t\t\t\t\t\t     title=\"\"\n\t\t\t\t\t\t     style=\"display:none\">\n\n\t\t\t\t\t\t<img decoding=\"async\" alt=\"Don det &gt; huile sur toile &gt; 130 x 97 cm &gt; 2017\"\n\t\t\t\t\t\t     src=\"https:\/\/michelbayetto.com\/wp-content\/uploads\/2022\/07\/Don-det-60F-130X97-bd.jpg\" data-image=\"https:\/\/michelbayetto.com\/wp-content\/uploads\/2022\/07\/Don-det-60F-130X97-bd.jpg\"\n\t\t\t\t\t\t     title=\"\"\n\t\t\t\t\t\t     style=\"display:none\">\n\n\t\t\t\t\t\t<img decoding=\"async\" alt=\"Trois champs &gt; huile sur toile &gt; 55 x 38 cm &gt; 2018\"\n\t\t\t\t\t\t     src=\"https:\/\/michelbayetto.com\/wp-content\/uploads\/2022\/07\/Trois-champs-10P-55x38-1.jpg\" data-image=\"https:\/\/michelbayetto.com\/wp-content\/uploads\/2022\/07\/Trois-champs-10P-55x38-1.jpg\"\n\t\t\t\t\t\t     title=\"\"\n\t\t\t\t\t\t     style=\"display:none\">\n\n\t\t\t\t\t\t<img decoding=\"async\" alt=\"Ombre de terre &gt; huile sur toile &gt; 100 x 73 cm &gt; 2008\"\n\t\t\t\t\t\t     src=\"https:\/\/michelbayetto.com\/wp-content\/uploads\/2022\/07\/ombre-de-terre-40P-100x73_BD.jpg\" data-image=\"https:\/\/michelbayetto.com\/wp-content\/uploads\/2022\/07\/ombre-de-terre-40P-100x73_BD.jpg\"\n\t\t\t\t\t\t     title=\"\"\n\t\t\t\t\t\t     style=\"display:none\">\n\n\t\t\t\t\t\t<img decoding=\"async\" alt=\"Champs trois gris &gt; huile sur toile &gt; 55 x 38 cm &gt; 2010\"\n\t\t\t\t\t\t     src=\"https:\/\/michelbayetto.com\/wp-content\/uploads\/2022\/07\/Camps-trois-gris-10P-55x38_2_BD.jpg\" data-image=\"https:\/\/michelbayetto.com\/wp-content\/uploads\/2022\/07\/Camps-trois-gris-10P-55x38_2_BD.jpg\"\n\t\t\t\t\t\t     title=\"\"\n\t\t\t\t\t\t     style=\"display:none\">\n\n\t\t\t\t\t\t<img decoding=\"async\" alt=\"Cellule outre-mer &gt; huile sur toile &gt; 97 x 73 cm &gt; 2010\"\n\t\t\t\t\t\t     src=\"https:\/\/michelbayetto.com\/wp-content\/uploads\/2022\/07\/Cellule-outre-mer_146x140_2015-_BD.jpg\" data-image=\"https:\/\/michelbayetto.com\/wp-content\/uploads\/2022\/07\/Cellule-outre-mer_146x140_2015-_BD.jpg\"\n\t\t\t\t\t\t     title=\"\"\n\t\t\t\t\t\t     style=\"display:none\">\n\n\t\t\t\t\t\t<img decoding=\"async\" alt=\"Champs de payne &gt; huile sur toile &gt; 92 x 73 cm &gt; 2011\"\n\t\t\t\t\t\t     src=\"https:\/\/michelbayetto.com\/wp-content\/uploads\/2022\/07\/Champs-de-bitume_92-x-73_2011_BD-9.jpg\" data-image=\"https:\/\/michelbayetto.com\/wp-content\/uploads\/2022\/07\/Champs-de-bitume_92-x-73_2011_BD-9.jpg\"\n\t\t\t\t\t\t     title=\"\"\n\t\t\t\t\t\t     style=\"display:none\">\n\n\t\t\t\t\t\t<img decoding=\"async\" alt=\"Cellule outre-mer &gt; huile sur toile &gt; 146 x 114 cm &gt; 2015\"\n\t\t\t\t\t\t     src=\"https:\/\/michelbayetto.com\/wp-content\/uploads\/2022\/07\/Cellule-outre-mer_146x114_2015-_BD.jpg\" data-image=\"https:\/\/michelbayetto.com\/wp-content\/uploads\/2022\/07\/Cellule-outre-mer_146x114_2015-_BD.jpg\"\n\t\t\t\t\t\t     title=\"\"\n\t\t\t\t\t\t     style=\"display:none\">\n\n\t\t\t\t\t\t<img decoding=\"async\" alt=\"Antepaysage_2208 &gt; huile sur toile &gt; 120 x 100 cm &gt; 2022\"\n\t\t\t\t\t\t     src=\"https:\/\/michelbayetto.com\/wp-content\/uploads\/2022\/07\/Antepaysage_2208-scaled.jpg\" data-image=\"https:\/\/michelbayetto.com\/wp-content\/uploads\/2022\/07\/Antepaysage_2208-scaled.jpg\"\n\t\t\t\t\t\t     title=\"\"\n\t\t\t\t\t\t     style=\"display:none\">\n\t\t\t<\/div>\n\n\t\t\t<script type='text\/javascript'>\n\t\t\t\twindow.onload = function(e) {\n\t\t\t\t\tif(typeof ugCheckForErrors == \"undefined\"){\n\t\t\t\t\t\tdocument.getElementById(\"unitegallery_6_1\").innerHTML = \"<span style='color:red'>Unite Gallery Error - gallery js and css files not included in the footer. Please make sure that wp_footer() function is added to your theme.<\/span>\";}\n\t\t\t\t\telse{ ugCheckForErrors(\"unitegallery_6_1\", \"jquery\");}\n\t\t\t\t};\n\t\t\t<\/script>\n\n\t\t\t<!-- END UNITEGALLERY -->\n<\/div>\n<\/div>\n","protected":false},"excerpt":{"rendered":"","protected":false},"author":1,"featured_media":0,"parent":0,"menu_order":0,"comment_status":"closed","ping_status":"closed","template":"","meta":{"footnotes":""},"class_list":["post-45","page","type-page","status-publish","hentry","entry"],"_links":{"self":[{"href":"https:\/\/michelbayetto.com\/index.php?rest_route=\/wp\/v2\/pages\/45","targetHints":{"allow":["GET"]}}],"collection":[{"href":"https:\/\/michelbayetto.com\/index.php?rest_route=\/wp\/v2\/pages"}],"about":[{"href":"https:\/\/michelbayetto.com\/index.php?rest_route=\/wp\/v2\/types\/page"}],"author":[{"embeddable":true,"href":"https:\/\/michelbayetto.com\/index.php?rest_route=\/wp\/v2\/users\/1"}],"replies":[{"embeddable":true,"href":"https:\/\/michelbayetto.com\/index.php?rest_route=%2Fwp%2Fv2%2Fcomments&post=45"}],"version-history":[{"count":5,"href":"https:\/\/michelbayetto.com\/index.php?rest_route=\/wp\/v2\/pages\/45\/revisions"}],"predecessor-version":[{"id":3832,"href":"https:\/\/michelbayetto.com\/index.php?rest_route=\/wp\/v2\/pages\/45\/revisions\/3832"}],"wp:attachment":[{"href":"https:\/\/michelbayetto.com\/index.php?rest_route=%2Fwp%2Fv2%2Fmedia&parent=45"}],"curies":[{"name":"wp","href":"https:\/\/api.w.org\/{rel}","templated":true}]}}