{"id":3961,"date":"2025-05-30T09:11:30","date_gmt":"2025-05-30T07:11:30","guid":{"rendered":"https:\/\/michelbayetto.com\/?page_id=3961"},"modified":"2025-05-31T16:56:16","modified_gmt":"2025-05-31T14:56:16","slug":"foule-a2-a3-personne","status":"publish","type":"page","link":"https:\/\/michelbayetto.com\/?page_id=3961","title":{"rendered":"Foule, A2, A3, personne"},"content":{"rendered":"\t\t<div data-elementor-type=\"wp-page\" data-elementor-id=\"3961\" class=\"elementor elementor-3961\">\n\t\t\t\t\t\t<section class=\"elementor-section elementor-top-section elementor-element elementor-element-e267526 elementor-section-boxed elementor-section-height-default elementor-section-height-default\" data-id=\"e267526\" data-element_type=\"section\">\n\t\t\t\t\t\t<div class=\"elementor-container elementor-column-gap-default\">\n\t\t\t\t\t<div class=\"elementor-column elementor-col-100 elementor-top-column elementor-element elementor-element-c69abf6\" data-id=\"c69abf6\" data-element_type=\"column\">\n\t\t\t<div class=\"elementor-widget-wrap elementor-element-populated\">\n\t\t\t\t\t\t<div class=\"elementor-element elementor-element-00ae08f elementor-widget elementor-widget-text-editor\" data-id=\"00ae08f\" data-element_type=\"widget\" data-widget_type=\"text-editor.default\">\n\t\t\t\t<div class=\"elementor-widget-container\">\n\t\t\t<style>\/*! elementor - v3.21.0 - 26-05-2024 *\/\n.elementor-widget-text-editor.elementor-drop-cap-view-stacked .elementor-drop-cap{background-color:#69727d;color:#fff}.elementor-widget-text-editor.elementor-drop-cap-view-framed .elementor-drop-cap{color:#69727d;border:3px solid;background-color:transparent}.elementor-widget-text-editor:not(.elementor-drop-cap-view-default) .elementor-drop-cap{margin-top:8px}.elementor-widget-text-editor:not(.elementor-drop-cap-view-default) .elementor-drop-cap-letter{width:1em;height:1em}.elementor-widget-text-editor .elementor-drop-cap{float:left;text-align:center;line-height:1;font-size:50px}.elementor-widget-text-editor .elementor-drop-cap-letter{display:inline-block}<\/style>\t\t\t\t<div style=\"padding: 177.78% 0 0 0; position: relative;\"><iframe style=\"position: absolute; top: 0; left: 0; width: 100%; height: 100%;\" title=\"LOVE LETTER\" src=\"https:\/\/player.vimeo.com\/video\/1089015388?title=0&amp;byline=0&amp;portrait=0&amp;badge=0&amp;autopause=0&amp;player_id=0&amp;app_id=58479\" frameborder=\"0\"><\/iframe><\/div>\n<p><script src=\"https:\/\/player.vimeo.com\/api\/player.js\"><\/script><h6>PIERRE LAPORTE COMMUNICATION<\/p>\t\t\t\t\t\t<\/div>\n\t\t\t\t<\/div>\n\t\t\t\t\t<\/div>\n\t\t<\/div>\n\t\t\t\t\t<\/div>\n\t\t<\/section>\n\t\t\t\t<section class=\"elementor-section elementor-top-section elementor-element elementor-element-344b0fc elementor-section-stretched elementor-section-boxed elementor-section-height-default elementor-section-height-default\" data-id=\"344b0fc\" data-element_type=\"section\" data-settings=\"{&quot;stretch_section&quot;:&quot;section-stretched&quot;}\">\n\t\t\t\t\t\t<div class=\"elementor-container elementor-column-gap-default\">\n\t\t\t\t\t<div class=\"elementor-column elementor-col-100 elementor-top-column elementor-element elementor-element-b5c6007\" data-id=\"b5c6007\" data-element_type=\"column\">\n\t\t\t<div class=\"elementor-widget-wrap elementor-element-populated\">\n\t\t\t\t\t\t<div class=\"elementor-element elementor-element-b14d033 e-transform elementor-widget elementor-widget-image-carousel\" data-id=\"b14d033\" data-element_type=\"widget\" data-settings=\"{&quot;slides_to_show&quot;:&quot;4&quot;,&quot;navigation&quot;:&quot;none&quot;,&quot;image_spacing_custom&quot;:{&quot;unit&quot;:&quot;px&quot;,&quot;size&quot;:15,&quot;sizes&quot;:[]},&quot;slides_to_scroll&quot;:&quot;1&quot;,&quot;_transform_scale_effect&quot;:{&quot;unit&quot;:&quot;px&quot;,&quot;size&quot;:1,&quot;sizes&quot;:[]},&quot;autoplay&quot;:&quot;yes&quot;,&quot;pause_on_hover&quot;:&quot;yes&quot;,&quot;pause_on_interaction&quot;:&quot;yes&quot;,&quot;autoplay_speed&quot;:5000,&quot;infinite&quot;:&quot;yes&quot;,&quot;speed&quot;:500,&quot;image_spacing_custom_tablet&quot;:{&quot;unit&quot;:&quot;px&quot;,&quot;size&quot;:&quot;&quot;,&quot;sizes&quot;:[]},&quot;image_spacing_custom_mobile&quot;:{&quot;unit&quot;:&quot;px&quot;,&quot;size&quot;:&quot;&quot;,&quot;sizes&quot;:[]},&quot;_transform_scale_effect_tablet&quot;:{&quot;unit&quot;:&quot;px&quot;,&quot;size&quot;:&quot;&quot;,&quot;sizes&quot;:[]},&quot;_transform_scale_effect_mobile&quot;:{&quot;unit&quot;:&quot;px&quot;,&quot;size&quot;:&quot;&quot;,&quot;sizes&quot;:[]}}\" data-widget_type=\"image-carousel.default\">\n\t\t\t\t<div class=\"elementor-widget-container\">\n\t\t\t<style>\/*! elementor - v3.21.0 - 26-05-2024 *\/\n.elementor-widget-image-carousel .swiper,.elementor-widget-image-carousel .swiper-container{position:static}.elementor-widget-image-carousel .swiper-container .swiper-slide figure,.elementor-widget-image-carousel .swiper .swiper-slide figure{line-height:inherit}.elementor-widget-image-carousel .swiper-slide{text-align:center}.elementor-image-carousel-wrapper:not(.swiper-container-initialized):not(.swiper-initialized) .swiper-slide{max-width:calc(100% \/ var(--e-image-carousel-slides-to-show, 3))}<\/style>\t\t<div class=\"elementor-image-carousel-wrapper swiper\" dir=\"ltr\">\n\t\t\t<div class=\"elementor-image-carousel swiper-wrapper\" aria-live=\"off\">\n\t\t\t\t\t\t\t\t<div class=\"swiper-slide\" role=\"group\" aria-roledescription=\"slide\" aria-label=\"1 sur 13\"><figure class=\"swiper-slide-inner\"><img decoding=\"async\" class=\"swiper-slide-image\" src=\"https:\/\/michelbayetto.com\/wp-content\/uploads\/2025\/05\/ELME-love-letter-2048x1536.jpg\" alt=\"EL+ME love letter\" \/><\/figure><\/div><div class=\"swiper-slide\" role=\"group\" aria-roledescription=\"slide\" aria-label=\"2 sur 13\"><figure class=\"swiper-slide-inner\"><img decoding=\"async\" class=\"swiper-slide-image\" src=\"https:\/\/michelbayetto.com\/wp-content\/uploads\/2025\/05\/ARTHUR-2.jpg\" alt=\"ARTHUR 2\" \/><\/figure><\/div><div class=\"swiper-slide\" role=\"group\" aria-roledescription=\"slide\" aria-label=\"3 sur 13\"><figure class=\"swiper-slide-inner\"><img decoding=\"async\" class=\"swiper-slide-image\" src=\"https:\/\/michelbayetto.com\/wp-content\/uploads\/2025\/05\/CLA-TRAS-love-letter.jpg\" alt=\"CLA + TRAS love letter\" \/><\/figure><\/div><div class=\"swiper-slide\" role=\"group\" aria-roledescription=\"slide\" aria-label=\"4 sur 13\"><figure class=\"swiper-slide-inner\"><img decoding=\"async\" class=\"swiper-slide-image\" src=\"https:\/\/michelbayetto.com\/wp-content\/uploads\/2025\/05\/PAULI.jpg\" alt=\"Screenshot\" \/><\/figure><\/div><div class=\"swiper-slide\" role=\"group\" aria-roledescription=\"slide\" aria-label=\"5 sur 13\"><figure class=\"swiper-slide-inner\"><img decoding=\"async\" class=\"swiper-slide-image\" src=\"https:\/\/michelbayetto.com\/wp-content\/uploads\/2025\/05\/TOM-DE-PEKIN-1.jpg\" alt=\"Screenshot\" \/><\/figure><\/div><div class=\"swiper-slide\" role=\"group\" aria-roledescription=\"slide\" aria-label=\"6 sur 13\"><figure class=\"swiper-slide-inner\"><img decoding=\"async\" class=\"swiper-slide-image\" src=\"https:\/\/michelbayetto.com\/wp-content\/uploads\/2025\/05\/DISCUTION-1.jpg\" alt=\"DISCUTION 1\" \/><\/figure><\/div><div class=\"swiper-slide\" role=\"group\" aria-roledescription=\"slide\" aria-label=\"7 sur 13\"><figure class=\"swiper-slide-inner\"><img decoding=\"async\" class=\"swiper-slide-image\" src=\"https:\/\/michelbayetto.com\/wp-content\/uploads\/2025\/05\/DISCUTION-2.jpg\" alt=\"Screenshot\" \/><\/figure><\/div><div class=\"swiper-slide\" role=\"group\" aria-roledescription=\"slide\" aria-label=\"8 sur 13\"><figure class=\"swiper-slide-inner\"><img decoding=\"async\" class=\"swiper-slide-image\" src=\"https:\/\/michelbayetto.com\/wp-content\/uploads\/2025\/05\/RAINBOW.jpg\" alt=\"RAINBOW\" \/><\/figure><\/div><div class=\"swiper-slide\" role=\"group\" aria-roledescription=\"slide\" aria-label=\"9 sur 13\"><figure class=\"swiper-slide-inner\"><img decoding=\"async\" class=\"swiper-slide-image\" src=\"https:\/\/michelbayetto.com\/wp-content\/uploads\/2025\/05\/VERNISSAGE-1.jpg\" alt=\"Screenshot\" \/><\/figure><\/div><div class=\"swiper-slide\" role=\"group\" aria-roledescription=\"slide\" aria-label=\"10 sur 13\"><figure class=\"swiper-slide-inner\"><img decoding=\"async\" class=\"swiper-slide-image\" src=\"https:\/\/michelbayetto.com\/wp-content\/uploads\/2025\/05\/MOREL-1.jpg\" alt=\"Screenshot\" \/><\/figure><\/div><div class=\"swiper-slide\" role=\"group\" aria-roledescription=\"slide\" aria-label=\"11 sur 13\"><figure class=\"swiper-slide-inner\"><img decoding=\"async\" class=\"swiper-slide-image\" src=\"https:\/\/michelbayetto.com\/wp-content\/uploads\/2025\/05\/GIANCARLO-1.jpg\" alt=\"GIANCARLO\" \/><\/figure><\/div><div class=\"swiper-slide\" role=\"group\" aria-roledescription=\"slide\" aria-label=\"12 sur 13\"><figure class=\"swiper-slide-inner\"><img decoding=\"async\" class=\"swiper-slide-image\" src=\"https:\/\/michelbayetto.com\/wp-content\/uploads\/2025\/05\/AGNESME.jpg\" alt=\"AGNES+ME\" \/><\/figure><\/div><div class=\"swiper-slide\" role=\"group\" aria-roledescription=\"slide\" aria-label=\"13 sur 13\"><figure class=\"swiper-slide-inner\"><img decoding=\"async\" class=\"swiper-slide-image\" src=\"https:\/\/michelbayetto.com\/wp-content\/uploads\/2025\/05\/ME-OVE-LETTER.jpg\" alt=\"ME OVE LETTER\" \/><\/figure><\/div>\t\t\t<\/div>\n\t\t\t\t\t\t\t\n\t\t\t\t\t\t\t\t\t<\/div>\n\t\t\t\t<\/div>\n\t\t\t\t<\/div>\n\t\t\t\t\t<\/div>\n\t\t<\/div>\n\t\t\t\t\t<\/div>\n\t\t<\/section>\n\t\t\t\t<section class=\"elementor-section elementor-top-section elementor-element elementor-element-e5044db elementor-section-stretched elementor-section-boxed elementor-section-height-default elementor-section-height-default\" data-id=\"e5044db\" data-element_type=\"section\" data-settings=\"{&quot;stretch_section&quot;:&quot;section-stretched&quot;}\">\n\t\t\t\t\t\t<div class=\"elementor-container elementor-column-gap-default\">\n\t\t\t\t\t<div class=\"elementor-column elementor-col-100 elementor-top-column elementor-element elementor-element-1604fde\" data-id=\"1604fde\" data-element_type=\"column\">\n\t\t\t<div class=\"elementor-widget-wrap elementor-element-populated\">\n\t\t\t\t\t\t<div class=\"elementor-element elementor-element-ed2d0ea elementor-widget elementor-widget-text-editor\" data-id=\"ed2d0ea\" data-element_type=\"widget\" data-widget_type=\"text-editor.default\">\n\t\t\t\t<div class=\"elementor-widget-container\">\n\t\t\t\t\t\t\t<div>\n<div>\n<div style=\"padding-right: 0; padding-left: 0; flex-basis: 100%;\">\n<div>Love Letter a le plaisir de pr\u00e9senter <strong>Foule, A2, A3, personne<\/strong>, un ensemble d\u2019\u0153uvres peintes ainsi qu\u2019un mur de dessins de Michel Bayetto.<strong>Du 3\u00a0 au 15 d\u00e9cembre 2025.<\/strong><\/div>\n<\/div>\n<\/div>\n<p>\u00a0<\/p>\n<div style=\"flex-basis: 100%;\">\n<p><!-- \/wp:paragraph --><!-- wp:paragraph --><\/p>\n<p>Une foule sans nom \u00e9tendue au format d\u2019un grand tableau (s\u00e9rie\u00a0<em>Anthropoc\u00e8ne<\/em>), des nuques de dos en taille \u00ab\u00a0portrait\u00a0\u00bb (s\u00e9rie\u00a0<em>John Doe<\/em>)\u00a0: tel est le monde que Michel Bayetto s\u2019attache \u00e0 peindre, \u00ab\u00a0ou plut\u00f4t \u00e0 d\u00e9peindre\u00a0\u00bb, dit-il. Car l\u2019usage de la peinture \u00e0 l\u2019huile, travaill\u00e9e avec un soin extr\u00eame depuis des fonds sombres et durant une dur\u00e9e qui s\u2019\u00e9tire longtemps (\u00ab\u00a0le temps de la mise en \u0153uvre des glacis\u00a0\u00bb, pr\u00e9cise Bayetto), consiste \u00e0 d\u00e9faire les figures de toute identit\u00e9 et de tout r\u00e9cit qui soient reconnaissables. \u00ab\u00a0Les protagonistes, ce sont les couleurs\u00a0\u00bb, dit l\u2019artiste. Ensemble ou s\u00e9par\u00e9ment, ces figures deviennent \u00ab\u00a0personnes\u00a0\u00bb\u00a0:\u00a0 elles sont ces\u00a0<em>John Doe<\/em>\u00a0que Bayetto a choisi pour titre de sa s\u00e9rie de portraits de nuques se d\u00e9tachant \u00e0 peine d\u2019un fond. Dans les pays anglo-saxons, ce patronyme, f\u00e9minis\u00e9 en Jane Doe, d\u00e9signe une personne non identifi\u00e9e\u00a0: un \u00ab\u00a0X\u00a0\u00bb, un \u00ab\u00a0Un\u00b7e tel\u00b7le\u00a0\u00bb. Ces personnes Lambda sont engag\u00e9es ou pas dans des actions ou des r\u00e9cits dont on ne conna\u00eet ni la cause, ni l\u2019issue, ni m\u00eame le lieu. Ainsi, la peinture devient le lieu de la rencontre m\u00eame.<\/p>\n<p><!-- \/wp:paragraph --><\/p>\n<\/div>\n<p><!-- \/wp:column --><\/p>\n<\/div>\n<p><!-- \/wp:columns --><!-- wp:columns {\"align\":\"wide\"} --><\/p>\n<div>\n<p><!-- wp:column {\"width\":\"100%\"} --><\/p>\n<div style=\"flex-basis: 100%;\">\n<p><!-- wp:paragraph --><\/p>\n<p>Michel Bayetto pense \u00e0 l\u2019histoire de l\u2019art, de Georges Seurat \u00e0 Agn\u00e8s Martin. Il a compris, comme ces peintres, que pour devenir\u00a0<em>en effet<\/em>\u00a0le lieu de la rencontre, il fallait que la peinture rende inexpressifs ses mod\u00e8les : des photographies arrach\u00e9es \u00e0 un magazine ou signal\u00e9es par un\u00b7e ami\u00b7e (s\u00e9rie\u00a0<em>Anthropoc\u00e8ne<\/em>), des fant\u00f4mes ou des fantasmes imagin\u00e9s par l\u2019artiste (s\u00e9rie\u00a0<em>John Doe<\/em>), ou des mod\u00e8les vivants (s\u00e9rie\u00a0<em>Plage<\/em>, s\u00e9rie\u00a0<em>E-Jizz<\/em>, s\u00e9rie\u00a0<em>Acolytes<\/em>). En effa\u00e7ant leur vie int\u00e9rieure dans le tissu de la mati\u00e8re, les travaux de Michel Bayetto composent un th\u00e9\u00e2tre optique fait de pose, de silence et d\u2019ombre. \u00ab\u00a0Les couleurs, \u00e9v\u00e9nements fluides, deviennent peu \u00e0 peu porteuses d\u2019une existence subjective\u00a0\u00bb, pr\u00e9cise l\u2019artiste. Elles renvoient ainsi \u00e0 quelque chose de flottant dans un monde o\u00f9 dehors et dedans n\u2019ont pas d\u2019importance.<\/p>\n<p><strong>Elisabeth Lebovici<\/strong><\/p>\n<\/div>\n<\/div>\n<div style=\"padding: 0;\">\n<div>\u00a0<\/div>\n<\/div>\t\t\t\t\t\t<\/div>\n\t\t\t\t<\/div>\n\t\t\t\t<div class=\"elementor-element elementor-element-b58b328 elementor-widget elementor-widget-button\" data-id=\"b58b328\" data-element_type=\"widget\" data-widget_type=\"button.default\">\n\t\t\t\t<div class=\"elementor-widget-container\">\n\t\t\t\t\t<div class=\"elementor-button-wrapper\">\n\t\t\t<a class=\"elementor-button elementor-button-link elementor-size-sm\" href=\"https:\/\/michelbayetto.com\/?page_id=3913\">\n\t\t\t\t\t\t<span class=\"elementor-button-content-wrapper\">\n\t\t\t\t\t\t\t\t\t<span class=\"elementor-button-text\">English<\/span>\n\t\t\t\t\t<\/span>\n\t\t\t\t\t<\/a>\n\t\t<\/div>\n\t\t\t\t<\/div>\n\t\t\t\t<\/div>\n\t\t\t\t<div class=\"elementor-element elementor-element-b448262 elementor-widget elementor-widget-button\" data-id=\"b448262\" data-element_type=\"widget\" data-widget_type=\"button.default\">\n\t\t\t\t<div class=\"elementor-widget-container\">\n\t\t\t\t\t<div class=\"elementor-button-wrapper\">\n\t\t\t<a class=\"elementor-button elementor-button-link elementor-size-sm\" href=\"https:\/\/michelbayetto.com\/?page_id=3884%E2%86%97\">\n\t\t\t\t\t\t<span class=\"elementor-button-content-wrapper\">\n\t\t\t\t\t\t\t\t\t<span class=\"elementor-button-text\">Espa\u00f1ol<\/span>\n\t\t\t\t\t<\/span>\n\t\t\t\t\t<\/a>\n\t\t<\/div>\n\t\t\t\t<\/div>\n\t\t\t\t<\/div>\n\t\t\t\t\t<\/div>\n\t\t<\/div>\n\t\t\t\t\t<\/div>\n\t\t<\/section>\n\t\t\t\t<\/div>\n\t\t","protected":false},"excerpt":{"rendered":"<p>PIERRE LAPORTE COMMUNICATION Love Letter a le plaisir de pr\u00e9senter Foule, A2, A3, personne, un ensemble d\u2019\u0153uvres peintes ainsi qu\u2019un mur de dessins de Michel Bayetto.Du 3\u00a0 au 15 d\u00e9cembre 2025. \u00a0 Une foule sans nom \u00e9tendue au format d\u2019un grand tableau (s\u00e9rie\u00a0Anthropoc\u00e8ne), des nuques de dos en taille \u00ab\u00a0portrait\u00a0\u00bb (s\u00e9rie\u00a0John Doe)\u00a0: tel est le&hellip; <a class=\"more-link\" href=\"https:\/\/michelbayetto.com\/?page_id=3961\">Poursuivre la lecture <span class=\"screen-reader-text\">Foule, A2, A3, personne<\/span><\/a><\/p>\n","protected":false},"author":1,"featured_media":0,"parent":0,"menu_order":0,"comment_status":"closed","ping_status":"closed","template":"","meta":{"footnotes":""},"class_list":["post-3961","page","type-page","status-publish","hentry","entry"],"_links":{"self":[{"href":"https:\/\/michelbayetto.com\/index.php?rest_route=\/wp\/v2\/pages\/3961","targetHints":{"allow":["GET"]}}],"collection":[{"href":"https:\/\/michelbayetto.com\/index.php?rest_route=\/wp\/v2\/pages"}],"about":[{"href":"https:\/\/michelbayetto.com\/index.php?rest_route=\/wp\/v2\/types\/page"}],"author":[{"embeddable":true,"href":"https:\/\/michelbayetto.com\/index.php?rest_route=\/wp\/v2\/users\/1"}],"replies":[{"embeddable":true,"href":"https:\/\/michelbayetto.com\/index.php?rest_route=%2Fwp%2Fv2%2Fcomments&post=3961"}],"version-history":[{"count":108,"href":"https:\/\/michelbayetto.com\/index.php?rest_route=\/wp\/v2\/pages\/3961\/revisions"}],"predecessor-version":[{"id":4136,"href":"https:\/\/michelbayetto.com\/index.php?rest_route=\/wp\/v2\/pages\/3961\/revisions\/4136"}],"wp:attachment":[{"href":"https:\/\/michelbayetto.com\/index.php?rest_route=%2Fwp%2Fv2%2Fmedia&parent=3961"}],"curies":[{"name":"wp","href":"https:\/\/api.w.org\/{rel}","templated":true}]}}