{"id":39,"date":"2022-03-24T07:49:29","date_gmt":"2022-03-24T06:49:29","guid":{"rendered":"https:\/\/michelbayetto.com\/?page_id=39"},"modified":"2024-08-12T17:14:06","modified_gmt":"2024-08-12T15:14:06","slug":"portrait","status":"publish","type":"page","link":"https:\/\/michelbayetto.com\/?page_id=39","title":{"rendered":"Labadens"},"content":{"rendered":"\n<div class=\"wp-block-group alignwide is-nowrap is-layout-flex wp-container-core-group-is-layout-bcde1d39 wp-block-group-is-layout-flex\" style=\"border-style:none;border-width:0px;padding-top:0;padding-right:0;padding-bottom:0;padding-left:0\">\n<div class=\"wp-block-columns is-style-twentytwentyone-columns-overlap has-text-align-left is-layout-flex wp-container-core-columns-is-layout-07b7b7eb wp-block-columns-is-layout-flex\" style=\"padding-top:0;padding-right:0;padding-bottom:0;padding-left:0\">\n<div class=\"wp-block-column is-layout-flow wp-block-column-is-layout-flow\" style=\"--col-width:100%;flex-basis:100%\">\n<div class=\"wp-block-group\"><div class=\"wp-block-group__inner-container is-layout-constrained wp-block-group-is-layout-constrained\">\n<div class=\"wp-block-buttons alignwide has-custom-font-size has-extra-large-font-size is-horizontal is-content-justification-left is-nowrap is-layout-flex wp-container-core-buttons-is-layout-7926b886 wp-block-buttons-is-layout-flex\">\n<div class=\"wp-block-button has-custom-font-size is-style-outline has-extra-small-font-size is-style-outline--1\" id=\"popantrofrancais\"><a class=\"wp-block-button__link has-white-color has-black-background-color has-text-color has-background has-link-color has-text-align-left wp-element-button\" href=\"#labadensfr\" style=\"border-style:none;border-width:0px;padding-top:6px;padding-right:13px;padding-bottom:6px;padding-left:13px\"><strong>EN SAVOIR <\/strong>P<strong>LUS<\/strong>&#8230;<\/a><\/div>\n\n\n\n<div class=\"wp-block-button has-custom-font-size is-style-outline has-extra-small-font-size is-style-outline--2\" id=\"popantrofrancais\"><a class=\"wp-block-button__link has-white-color has-black-background-color has-text-color has-background has-link-color has-text-align-left wp-element-button\" href=\"#labadensgb\" style=\"border-style:none;border-width:0px;padding-top:6px;padding-right:13px;padding-bottom:6px;padding-left:13px\">LEARN MORE&#8230;<\/a><\/div>\n<\/div>\n<\/div><\/div>\n<\/div>\n<\/div>\n\n\n\n<div class=\"wp-block-columns alignfull is-layout-flex wp-container-core-columns-is-layout-28f84493 wp-block-columns-is-layout-flex\">\n<div class=\"wp-block-column is-vertically-aligned-stretch is-layout-flow wp-block-column-is-layout-flow\" style=\"--col-width:100%;flex-basis:100%\">\n<div class=\"wp-block-group alignfull\"><div class=\"wp-block-group__inner-container is-layout-constrained wp-block-group-is-layout-constrained\">\n<div class=\"wp-block-abs-popup-block abs-popup front\" data-open=\"anchor\" data-anchor=\"labadensfr\" data-anchorclose=\"\" data-time=\"\" data-dismiss=\"20\" data-offset=\"\" data-outside=\"true\" data-created=\"G2vpA04bGrk3ZRx6cggrC\"><div class=\"abs-modal-wrap\"><div role=\"presentation\" class=\"overlay\" style=\"background-color:#000000;opacity:0.3\"><\/div><div class=\"modal-content\" style=\"min-width:0;border-radius:0\"><div class=\"modal-header\"><button class=\"close\"><span style=\"font-size:60px;color:#000000;line-height:1\">\u2715<\/span><\/button><\/div><div class=\"modal-body\">\n<div class=\"wp-block-group\"><div class=\"wp-block-group__inner-container is-layout-constrained wp-block-group-is-layout-constrained\">\n<div class=\"wp-block-columns alignwide is-style-twentytwentyone-columns-overlap has-text-align-left is-layout-flex wp-container-core-columns-is-layout-28f84493 wp-block-columns-is-layout-flex\">\n<div style=\"--col-width:;\" class=\"wp-block-column is-vertically-aligned-bottom is-layout-flow wp-block-column-is-layout-flow\" id=\"antrofr\">\n<div id=\"antrofr\" class=\"wp-block-group is-style-twentytwentyone-border\" style=\"border-style:none;border-width:0px;padding-top:0;padding-right:0;padding-bottom:0;padding-left:0\"><div class=\"wp-block-group__inner-container is-layout-constrained wp-container-core-group-is-layout-639b5052 wp-block-group-is-layout-constrained\">\n<p>Labadens<\/p>\n\n\n\n<p>Certain.e.s sont venus poser \u00e0 l\u2019atelier, peint.e.s sur le vif. D\u2019autres, plus iconiques, ont \u00e9t\u00e9 peints d\u2019apr\u00e8s des documents. Tou.te.s ont \u00e9t\u00e9 ex\u00e9cut\u00e9s\u2026 \u00e0 l\u2019huile, dans la contrainte d\u2019une journ\u00e9e. Un timing restreint que je m\u2019impose pour \u00eatre au plus pr\u00e8s des \u00ab&nbsp; gestes pens\u00e9s \u00bb du peintre. Un acte sens\u00e9, dans un pr\u00e9sent concis, qui ex\u00e9cute un aphorisme rempli de r\u00e9flexions et de r\u00eaves.<\/p>\n\n\n\n<p>Litt\u00e9ralement, labadens sont des condisciples, des camarade de classes.<\/p>\n<\/div><\/div>\n<\/div>\n<\/div>\n<\/div><\/div>\n<\/div><\/div><\/div><\/div>\n\n\n\n<div class=\"wp-block-abs-popup-block abs-popup front\" data-open=\"anchor\" data-anchor=\"labadensgb\" data-anchorclose=\"\" data-time=\"\" data-dismiss=\"20\" data-offset=\"\" data-outside=\"true\" data-created=\"G2vpA04bGrk3ZRx6cggrC\"><div class=\"abs-modal-wrap\"><div role=\"presentation\" class=\"overlay\" style=\"background-color:#000000;opacity:0.3\"><\/div><div class=\"modal-content\" style=\"min-width:0;border-radius:0\"><div class=\"modal-header\"><button class=\"close\"><span style=\"font-size:60px;color:#000000;line-height:1\">\u2715<\/span><\/button><\/div><div class=\"modal-body\">\n<div class=\"wp-block-columns alignwide are-vertically-aligned-center is-layout-flex wp-container-core-columns-is-layout-28f84493 wp-block-columns-is-layout-flex\">\n<div class=\"wp-block-column is-vertically-aligned-center is-layout-flow wp-block-column-is-layout-flow\" style=\"--col-width:100%;flex-basis:100%\">\n<div class=\"wp-block-group\"><div class=\"wp-block-group__inner-container is-layout-constrained wp-block-group-is-layout-constrained\">\n<div class=\"wp-block-columns alignwide is-style-twentytwentyone-columns-overlap has-text-align-left is-layout-flex wp-container-core-columns-is-layout-28f84493 wp-block-columns-is-layout-flex\">\n<div style=\"--col-width:;\" class=\"wp-block-column is-vertically-aligned-bottom is-layout-flow wp-block-column-is-layout-flow\" id=\"antrofr\">\n<div class=\"wp-block-group alignwide\" id=\"antrofr\"><div class=\"wp-block-group__inner-container is-layout-constrained wp-block-group-is-layout-constrained\">\n<p>Labadens<\/p>\n\n\n\n<p>Some people come to pose at the workshop, to be painted live. Others, more iconic, have been painted from documents. They have all been executed&#8230; in oils, in just one day. A restricted timeframe which I impose on myself to be closer to the painter\u2019s \u201cthought gestures\u201d, a deliberate act, in a concise moment in time, which completes an aphorism full of reflection and dreams.<\/p>\n\n\n\n<p>Literally, \u201clabadens\u201d are co-disciples, classmates.<\/p>\n<\/div><\/div>\n<\/div>\n<\/div>\n<\/div><\/div>\n<\/div>\n<\/div>\n<\/div><\/div><\/div><\/div>\n<\/div><\/div>\n<\/div>\n<\/div>\n<\/div>\n\n\n\n<div class=\"wp-block-group alignwide\"><div class=\"wp-block-group__inner-container is-layout-constrained wp-block-group-is-layout-constrained\">\n<div class=\"wp-block-columns alignwide is-layout-flex wp-container-core-columns-is-layout-28f84493 wp-block-columns-is-layout-flex\">\n<div class=\"wp-block-column is-layout-flow wp-block-column-is-layout-flow\">\n\t\t\t\t\t\n\n\t\t\t\t\t<!-- START UNITE GALLERY 1.7.62 -->\n\t\t\t\t\t\n\t\t\t\t\n\t\t\t<div id='unitegallery_10_1' class='unite-gallery' style='margin:0px auto;'>\n\t\t\t\t\n\n\t\t\t\t\t\t<img decoding=\"async\" alt=\"Les chiennes &gt; huile sur toile &gt; 146 x 114 cm &gt; 2014\"\n\t\t\t\t\t\t     src=\"https:\/\/michelbayetto.com\/wp-content\/uploads\/2022\/08\/Les-chiennes_145x114_2014_BD.jpg\" data-image=\"https:\/\/michelbayetto.com\/wp-content\/uploads\/2022\/08\/Les-chiennes_145x114_2014_BD.jpg\"\n\t\t\t\t\t\t     title=\"\"\n\t\t\t\t\t\t     style=\"display:none\">\n\n\t\t\t\t\t\t<img decoding=\"async\" alt=\"Lait amer &gt; huile sur toile &gt; 55 x 28 cm &gt; 2011\"\n\t\t\t\t\t\t     src=\"https:\/\/michelbayetto.com\/wp-content\/uploads\/2022\/08\/Lait-amer-10P-55x38-2011_BD.jpg\" data-image=\"https:\/\/michelbayetto.com\/wp-content\/uploads\/2022\/08\/Lait-amer-10P-55x38-2011_BD.jpg\"\n\t\t\t\t\t\t     title=\"\"\n\t\t\t\t\t\t     style=\"display:none\">\n\n\t\t\t\t\t\t<img decoding=\"async\" alt=\"Hot dog &gt; huile sur toile &gt; 130 x 97 cm &gt; 2010\"\n\t\t\t\t\t\t     src=\"https:\/\/michelbayetto.com\/wp-content\/uploads\/2022\/08\/Hot-dog-130x97_2010_BD.jpg\" data-image=\"https:\/\/michelbayetto.com\/wp-content\/uploads\/2022\/08\/Hot-dog-130x97_2010_BD.jpg\"\n\t\t\t\t\t\t     title=\"\"\n\t\t\t\t\t\t     style=\"display:none\">\n\n\t\t\t\t\t\t<img decoding=\"async\" alt=\"Chien &gt; huile sur toile &gt; 73 x 54 cm &gt;1997\"\n\t\t\t\t\t\t     src=\"https:\/\/michelbayetto.com\/wp-content\/uploads\/2022\/08\/Chien-20P-73x54_1997_BD.jpg\" data-image=\"https:\/\/michelbayetto.com\/wp-content\/uploads\/2022\/08\/Chien-20P-73x54_1997_BD.jpg\"\n\t\t\t\t\t\t     title=\"\"\n\t\t\t\t\t\t     style=\"display:none\">\n\n\t\t\t\t\t\t<img decoding=\"async\" alt=\"Dominique &gt; huile sur toile &gt; 73 x 60 cm &gt;2015\"\n\t\t\t\t\t\t     src=\"https:\/\/michelbayetto.com\/wp-content\/uploads\/2022\/08\/Dominique_73x60_2015_BD.jpg\" data-image=\"https:\/\/michelbayetto.com\/wp-content\/uploads\/2022\/08\/Dominique_73x60_2015_BD.jpg\"\n\t\t\t\t\t\t     title=\"\"\n\t\t\t\t\t\t     style=\"display:none\">\n\n\t\t\t\t\t\t<img decoding=\"async\" alt=\"Jacky &gt; huile sur toile &gt; 92 x 60 cm &gt; 2015\"\n\t\t\t\t\t\t     src=\"https:\/\/michelbayetto.com\/wp-content\/uploads\/2022\/08\/Jacky_92x60_2015_BD.jpg\" data-image=\"https:\/\/michelbayetto.com\/wp-content\/uploads\/2022\/08\/Jacky_92x60_2015_BD.jpg\"\n\t\t\t\t\t\t     title=\"\"\n\t\t\t\t\t\t     style=\"display:none\">\n\n\t\t\t\t\t\t<img decoding=\"async\" alt=\"Je est un autre &gt; huile sur toile  (autoportrait) &gt; 55 x 38 cm &gt; 1992\"\n\t\t\t\t\t\t     src=\"https:\/\/michelbayetto.com\/wp-content\/uploads\/2022\/08\/Je-est-un-autre-10P-55x38_1992_BD.jpg\" data-image=\"https:\/\/michelbayetto.com\/wp-content\/uploads\/2022\/08\/Je-est-un-autre-10P-55x38_1992_BD.jpg\"\n\t\t\t\t\t\t     title=\"\"\n\t\t\t\t\t\t     style=\"display:none\">\n\n\t\t\t\t\t\t<img decoding=\"async\" alt=\"Liane &gt; huile sur toile &gt; 60x 92 cm &gt; 2015\"\n\t\t\t\t\t\t     src=\"https:\/\/michelbayetto.com\/wp-content\/uploads\/2022\/08\/Liane_30M_60x92_2015_BD.jpg\" data-image=\"https:\/\/michelbayetto.com\/wp-content\/uploads\/2022\/08\/Liane_30M_60x92_2015_BD.jpg\"\n\t\t\t\t\t\t     title=\"\"\n\t\t\t\t\t\t     style=\"display:none\">\n\n\t\t\t\t\t\t<img decoding=\"async\" alt=\"Narcisse &gt; huile sur toile &gt; 35 x 24 cm &gt; 2013\"\n\t\t\t\t\t\t     src=\"https:\/\/michelbayetto.com\/wp-content\/uploads\/2022\/08\/Narcisse-5P-35x24_2013-BD.jpg\" data-image=\"https:\/\/michelbayetto.com\/wp-content\/uploads\/2022\/08\/Narcisse-5P-35x24_2013-BD.jpg\"\n\t\t\t\t\t\t     title=\"\"\n\t\t\t\t\t\t     style=\"display:none\">\n\n\t\t\t\t\t\t<img decoding=\"async\" alt=\"Autoportrait &gt; huile sur toile &gt; 65 x 54 cm &gt; 1987\"\n\t\t\t\t\t\t     src=\"https:\/\/michelbayetto.com\/wp-content\/uploads\/2022\/08\/Autoprtrait_65x54_1987_BD.jpg\" data-image=\"https:\/\/michelbayetto.com\/wp-content\/uploads\/2022\/08\/Autoprtrait_65x54_1987_BD.jpg\"\n\t\t\t\t\t\t     title=\"\"\n\t\t\t\t\t\t     style=\"display:none\">\n\n\t\t\t\t\t\t<img decoding=\"async\" alt=\"Juste avant_CarineLouis &gt; huile sur toile &gt;81 x 60 cm &gt; 2017\"\n\t\t\t\t\t\t     src=\"https:\/\/michelbayetto.com\/wp-content\/uploads\/2024\/08\/Juste-avant_CarineLouis_25P_81x60_2017_BD.jpg\" data-image=\"https:\/\/michelbayetto.com\/wp-content\/uploads\/2024\/08\/Juste-avant_CarineLouis_25P_81x60_2017_BD.jpg\"\n\t\t\t\t\t\t     title=\"\"\n\t\t\t\t\t\t     style=\"display:none\">\n\n\t\t\t\t\t\t<img decoding=\"async\" alt=\"Junior. 80x80-2016_BD\"\n\t\t\t\t\t\t     src=\"https:\/\/michelbayetto.com\/wp-content\/uploads\/2024\/08\/Junior.-80x80-2016_BD.jpg\" data-image=\"https:\/\/michelbayetto.com\/wp-content\/uploads\/2024\/08\/Junior.-80x80-2016_BD.jpg\"\n\t\t\t\t\t\t     title=\"\"\n\t\t\t\t\t\t     style=\"display:none\">\n\t\t\t<\/div>\n\n\t\t\t<script type='text\/javascript'>\n\t\t\t\twindow.onload = function(e) {\n\t\t\t\t\tif(typeof ugCheckForErrors == \"undefined\"){\n\t\t\t\t\t\tdocument.getElementById(\"unitegallery_10_1\").innerHTML = \"<span style='color:red'>Unite Gallery Error - gallery js and css files not included in the footer. Please make sure that wp_footer() function is added to your theme.<\/span>\";}\n\t\t\t\t\telse{ ugCheckForErrors(\"unitegallery_10_1\", \"jquery\");}\n\t\t\t\t};\n\t\t\t<\/script>\n\n\t\t\t<!-- END UNITEGALLERY -->\n<\/div>\n<\/div>\n<\/div><\/div>\n","protected":false},"excerpt":{"rendered":"","protected":false},"author":1,"featured_media":0,"parent":0,"menu_order":0,"comment_status":"closed","ping_status":"closed","template":"","meta":{"footnotes":""},"class_list":["post-39","page","type-page","status-publish","hentry","entry"],"_links":{"self":[{"href":"https:\/\/michelbayetto.com\/index.php?rest_route=\/wp\/v2\/pages\/39","targetHints":{"allow":["GET"]}}],"collection":[{"href":"https:\/\/michelbayetto.com\/index.php?rest_route=\/wp\/v2\/pages"}],"about":[{"href":"https:\/\/michelbayetto.com\/index.php?rest_route=\/wp\/v2\/types\/page"}],"author":[{"embeddable":true,"href":"https:\/\/michelbayetto.com\/index.php?rest_route=\/wp\/v2\/users\/1"}],"replies":[{"embeddable":true,"href":"https:\/\/michelbayetto.com\/index.php?rest_route=%2Fwp%2Fv2%2Fcomments&post=39"}],"version-history":[{"count":2,"href":"https:\/\/michelbayetto.com\/index.php?rest_route=\/wp\/v2\/pages\/39\/revisions"}],"predecessor-version":[{"id":3559,"href":"https:\/\/michelbayetto.com\/index.php?rest_route=\/wp\/v2\/pages\/39\/revisions\/3559"}],"wp:attachment":[{"href":"https:\/\/michelbayetto.com\/index.php?rest_route=%2Fwp%2Fv2%2Fmedia&parent=39"}],"curies":[{"name":"wp","href":"https:\/\/api.w.org\/{rel}","templated":true}]}}