{"id":3884,"date":"2024-11-24T08:19:23","date_gmt":"2024-11-24T07:19:23","guid":{"rendered":"https:\/\/michelbayetto.com\/?page_id=3884"},"modified":"2025-05-30T09:35:41","modified_gmt":"2025-05-30T07:35:41","slug":"presione-soltar","status":"publish","type":"page","link":"https:\/\/michelbayetto.com\/?page_id=3884","title":{"rendered":"Presione soltar"},"content":{"rendered":"\n<div class=\"wp-block-group alignfull\"><div class=\"wp-block-group__inner-container is-layout-constrained wp-block-group-is-layout-constrained\">\n<div class=\"wp-block-group alignfull\"><div class=\"wp-block-group__inner-container is-layout-constrained wp-block-group-is-layout-constrained\">\n<div class=\"wp-block-group alignwide is-vertical is-layout-flex wp-container-core-group-is-layout-fe9cc265 wp-block-group-is-layout-flex\">\n<p>Love Letter se complace en presentar <strong>Foule, A2, A3, personne<\/strong>, una colecci\u00f3n de pinturas y una pared de dibujos de Michel Bayetto.<\/p>\n\n\n\n<p>Una muchedumbre sin nombre extendida en el formato de un gran cuadro (serie <em>Anthropoc\u00e8ne<\/em>), lomos de napias en tama\u00f1o \u00abretrato\u00bb (serie <em>John Doe<\/em>): \u00e9ste es el mundo que Michel Bayetto se propone pintar \u00abo m\u00e1s bien, representar\u00bb, como \u00e9l mismo dice. El uso de la pintura al \u00f3leo, trabajada con extremo cuidado a partir de fondos oscuros y durante un largo periodo de tiempo (\u00abel tiempo que se tarda en aplicar las veladuras\u00bb, \u00e9l dice) supone despojar a las figuras de cualquier identidad o narrativa reconocibles. \u00abLos protagonistas son los colores\u00bb, dice el artista. Juntas o por separado, estas figuras se convierten en \u00abpersonas\u00bb: son los John Does que Bayetto ha elegido como t\u00edtulo para su serie de retratos de nucas que apenas destacan sobre un fondo. En los pa\u00edses angl\u00f3fonos, el patron\u00edmico, feminizado a Jane Doe, se refiere a una persona no identificada: unx fulanx. unx Sin Nombre. Estas personas lambda pueden estar o no implicadas en acciones o historias cuya causa, desenlace o incluso localizaci\u00f3n se desconocen. De este modo, la pintura se convierte en el lugar del propio encuentro.<\/p>\n\n\n\n<p>Michel Bayetto reflexiona sobre la historia del arte, desde Georges Seurat hasta Agnes Martin. Al igual que estos pintores, se dio cuenta de que, para convertirse en un lugar de encuentro, la pintura deb\u00eda volver inexpresivos a sus modelos: fotograf\u00edas arrancadas de una revista, o se\u00f1aladas por un amigo (serie <em>Anthropoc\u00e8ne<\/em>), fantasmas o fantas\u00edas imaginadas por el artista (serie <em>John Doe<\/em>), o modelos vivos (serie <em>Plages<\/em>, serie <em>E-Jizz<\/em>, serie <em>Acolytes<\/em>). Al ocultar su vida interior en el tejido de la materia, las obras de Michel Bayetto crean un teatro \u00f3ptico de pose, silencio y sombras. \u00abLos colores, acontecimientos fluidos, se convierten poco a poco en portadores de una existencia subjetiva\u00bb, \u00e9l explica. De este modo, evocan algo que flota en un mundo donde el interior y el exterior son irrelevantes.<\/p>\n\n\n\n<p>Elisabeth Lebovici<\/p>\n\n\n\n<p>Traducci\u00f3n Catherine Facerias<\/p>\n\n\n\n<div class=\"wp-block-group is-nowrap is-layout-flex wp-container-core-group-is-layout-5c4495dd wp-block-group-is-layout-flex\">\n<figure class=\"wp-block-image size-full is-resized\"><a href=\"https:\/\/michelbayetto.com\/?page_id=3961\"><img decoding=\"async\" width=\"100\" height=\"100\" src=\"https:\/\/michelbayetto.com\/wp-content\/uploads\/2024\/06\/Fleche-retour100-3.png\" alt=\"\" class=\"wp-image-3116\" style=\"width:58px;height:auto\"\/><\/a><\/figure>\n<\/div>\n<\/div>\n<\/div><\/div>\n\n\n\n<p><\/p>\n<\/div><\/div>\n\n\n\n<p><\/p>\n","protected":false},"excerpt":{"rendered":"<p>Love Letter se complace en presentar Foule, A2, A3, personne, una colecci\u00f3n de pinturas y una pared de dibujos de Michel Bayetto. Una muchedumbre sin nombre extendida en el formato de un gran cuadro (serie Anthropoc\u00e8ne), lomos de napias en tama\u00f1o \u00abretrato\u00bb (serie John Doe): \u00e9ste es el mundo que Michel Bayetto se propone pintar&hellip; <a class=\"more-link\" href=\"https:\/\/michelbayetto.com\/?page_id=3884\">Poursuivre la lecture <span class=\"screen-reader-text\">Presione soltar<\/span><\/a><\/p>\n","protected":false},"author":1,"featured_media":0,"parent":0,"menu_order":0,"comment_status":"closed","ping_status":"closed","template":"","meta":{"footnotes":""},"class_list":["post-3884","page","type-page","status-publish","hentry","entry"],"_links":{"self":[{"href":"https:\/\/michelbayetto.com\/index.php?rest_route=\/wp\/v2\/pages\/3884","targetHints":{"allow":["GET"]}}],"collection":[{"href":"https:\/\/michelbayetto.com\/index.php?rest_route=\/wp\/v2\/pages"}],"about":[{"href":"https:\/\/michelbayetto.com\/index.php?rest_route=\/wp\/v2\/types\/page"}],"author":[{"embeddable":true,"href":"https:\/\/michelbayetto.com\/index.php?rest_route=\/wp\/v2\/users\/1"}],"replies":[{"embeddable":true,"href":"https:\/\/michelbayetto.com\/index.php?rest_route=%2Fwp%2Fv2%2Fcomments&post=3884"}],"version-history":[{"count":9,"href":"https:\/\/michelbayetto.com\/index.php?rest_route=\/wp\/v2\/pages\/3884\/revisions"}],"predecessor-version":[{"id":3977,"href":"https:\/\/michelbayetto.com\/index.php?rest_route=\/wp\/v2\/pages\/3884\/revisions\/3977"}],"wp:attachment":[{"href":"https:\/\/michelbayetto.com\/index.php?rest_route=%2Fwp%2Fv2%2Fmedia&parent=3884"}],"curies":[{"name":"wp","href":"https:\/\/api.w.org\/{rel}","templated":true}]}}