{"id":37,"date":"2022-03-24T07:49:02","date_gmt":"2022-03-24T06:49:02","guid":{"rendered":"https:\/\/michelbayetto.com\/?page_id=37"},"modified":"2024-06-14T21:18:25","modified_gmt":"2024-06-14T19:18:25","slug":"gray-flag","status":"publish","type":"page","link":"https:\/\/michelbayetto.com\/?page_id=37","title":{"rendered":"gRay flag"},"content":{"rendered":"\n<div class=\"wp-block-group alignwide is-vertical is-layout-flex wp-container-core-group-is-layout-fe9cc265 wp-block-group-is-layout-flex\">\n<div class=\"wp-block-group is-horizontal is-nowrap is-layout-flex wp-container-core-group-is-layout-bd1bd8a3 wp-block-group-is-layout-flex\" style=\"border-style:none;border-width:0px;padding-top:0;padding-right:0;padding-bottom:0;padding-left:0\">\n<div class=\"wp-block-columns is-style-twentytwentyone-columns-overlap has-text-align-left is-layout-flex wp-container-core-columns-is-layout-07b7b7eb wp-block-columns-is-layout-flex\" style=\"padding-top:0;padding-right:0;padding-bottom:0;padding-left:0\">\n<div class=\"wp-block-column is-layout-flow wp-block-column-is-layout-flow\" style=\"--col-width:100%;flex-basis:100%\">\n<div class=\"wp-block-group\"><div class=\"wp-block-group__inner-container is-layout-constrained wp-block-group-is-layout-constrained\">\n<div class=\"wp-block-buttons alignwide has-custom-font-size has-extra-large-font-size is-horizontal is-content-justification-left is-nowrap is-layout-flex wp-container-core-buttons-is-layout-ffa98b25 wp-block-buttons-is-layout-flex\">\n<div class=\"wp-block-button has-custom-font-size is-style-outline has-extra-small-font-size is-style-outline--1\" id=\"popantrofrancais\"><a class=\"wp-block-button__link has-white-color has-black-background-color has-text-color has-background has-link-color has-text-align-left wp-element-button\" href=\"#grayfr\" style=\"border-style:none;border-width:0px;padding-top:6px;padding-right:13px;padding-bottom:6px;padding-left:13px\"><strong>EN SAVOIR <\/strong>P<strong>LUS<\/strong>&#8230;<\/a><\/div>\n\n\n\n<div class=\"wp-block-button has-custom-font-size is-style-outline has-extra-small-font-size is-style-outline--2\" id=\"popantrofrancais\"><a class=\"wp-block-button__link has-white-color has-black-background-color has-text-color has-background has-link-color has-text-align-left wp-element-button\" href=\"#graygb\" style=\"border-style:none;border-width:0px;padding-top:6px;padding-right:13px;padding-bottom:6px;padding-left:13px\">LEARN MORE&#8230;<\/a><\/div>\n<\/div>\n<\/div><\/div>\n<\/div>\n<\/div>\n\n\n\n<div class=\"wp-block-columns alignfull is-layout-flex wp-container-core-columns-is-layout-28f84493 wp-block-columns-is-layout-flex\">\n<div class=\"wp-block-column is-vertically-aligned-stretch is-layout-flow wp-block-column-is-layout-flow\" style=\"--col-width:100%;flex-basis:100%\">\n<div class=\"wp-block-group alignfull\"><div class=\"wp-block-group__inner-container is-layout-constrained wp-block-group-is-layout-constrained\">\n<div class=\"wp-block-abs-popup-block abs-popup front\" data-open=\"anchor\" data-anchor=\"grayfr\" data-anchorclose=\"\" data-time=\"\" data-dismiss=\"20\" data-offset=\"\" data-outside=\"true\" data-created=\"G2vpA04bGrk3ZRx6cggrC\"><div class=\"abs-modal-wrap\"><div role=\"presentation\" class=\"overlay\" style=\"background-color:#000000;opacity:0.3\"><\/div><div class=\"modal-content\" style=\"min-width:0;border-radius:0\"><div class=\"modal-header\"><button class=\"close\"><span style=\"font-size:60px;color:#000000;line-height:1\">\u2715<\/span><\/button><\/div><div class=\"modal-body\">\n<div class=\"wp-block-group\"><div class=\"wp-block-group__inner-container is-layout-constrained wp-block-group-is-layout-constrained\">\n<div class=\"wp-block-columns alignwide is-style-twentytwentyone-columns-overlap has-text-align-left is-layout-flex wp-container-core-columns-is-layout-28f84493 wp-block-columns-is-layout-flex\">\n<div style=\"--col-width:;\" class=\"wp-block-column is-vertically-aligned-bottom is-layout-flow wp-block-column-is-layout-flow\" id=\"antrofr\">\n<p>gRay flag<\/p>\n\n\n\n<p>Le cinq, en \u00e9sot\u00e9risme, repr\u00e9sente le passage de la mati\u00e8re \u00e0 l\u2019esprit. Cette s\u00e9rie, peinte \u00e0 l\u2019huile&nbsp;sur des formats identiques (114 x 164 cm), se compose de cinq tableaux. Une id\u00e9e du m\u00eame, un principe de s\u00e9riation, o\u00f9 le sujet, le rainbow flag (symbole de la lib\u00e9ration LGBTQI+), se perd dans des variations et des oscillations, d\u2019un tableau \u00e0 l\u2019autre.<\/p>\n\n\n\n<p>Mon mod\u00e8le est une photocopie en noir et blanc du rainbow flag. J\u2019utilise les trois couleurs primaires pour obtenir des gris teint\u00e9s et retrouver les temp\u00e9ratures couleurs &#8211; celles-ci peuvent se d\u00e9finir comme la couleur apparente d&rsquo;une source lumineuse &#8211; des tonalit\u00e9s originales du rainbow flag, devenues fantomatiques. Cette tentative d\u2019abstraction de la couleur en grisaille, et \u00e0 posteriori, du drapeau, parle d\u2019une \u00e9poque de d\u00e9senchantement et de deuil.<\/p>\n<\/div>\n<\/div>\n<\/div><\/div>\n<\/div><\/div><\/div><\/div>\n\n\n\n<div class=\"wp-block-abs-popup-block abs-popup front\" data-open=\"anchor\" data-anchor=\"graygb\" data-anchorclose=\"\" data-time=\"\" data-dismiss=\"20\" data-offset=\"\" data-outside=\"true\" data-created=\"G2vpA04bGrk3ZRx6cggrC\"><div class=\"abs-modal-wrap\"><div role=\"presentation\" class=\"overlay\" style=\"background-color:#000000;opacity:0.3\"><\/div><div class=\"modal-content\" style=\"min-width:0;border-radius:0\"><div class=\"modal-header\"><button class=\"close\"><span style=\"font-size:60px;color:#000000;line-height:1\">\u2715<\/span><\/button><\/div><div class=\"modal-body\">\n<div class=\"wp-block-columns alignwide are-vertically-aligned-center is-layout-flex wp-container-core-columns-is-layout-28f84493 wp-block-columns-is-layout-flex\">\n<div class=\"wp-block-column is-vertically-aligned-center is-layout-flow wp-block-column-is-layout-flow\" style=\"--col-width:100%;flex-basis:100%\">\n<div class=\"wp-block-group\"><div class=\"wp-block-group__inner-container is-layout-constrained wp-block-group-is-layout-constrained\">\n<div class=\"wp-block-columns alignwide is-style-twentytwentyone-columns-overlap has-text-align-left is-layout-flex wp-container-core-columns-is-layout-28f84493 wp-block-columns-is-layout-flex\">\n<div style=\"--col-width:;\" class=\"wp-block-column is-vertically-aligned-bottom is-layout-flow wp-block-column-is-layout-flow\" id=\"antrofr\">\n<p>gRay flag<\/p>\n\n\n\n<p>In esotericism, the number five represents the passage from matter to spirit. This series, painted in oil in identical formats (114 x 164 cm), comprises five paintings. They have the same idea, a principle of serialization, where the subject, the rainbow flag (symbolic of LGBTQI+ freedom) gets lost in variations and oscillations from one painting to the next.<\/p>\n\n\n\n<p>My model is a black and white photocopy of the rainbow flag. I use three primary colors to get shaded grays and find the temperatures of the colors &#8211; these can be defined as the apparent color of a source of light &#8211; of the original shades of the rainbow flag, which have become ghostly. This attempt at the abstraction of color into grayness, and retrospectively of the flag, speaks of a time of disenchantment and mourning.<\/p>\n<\/div>\n<\/div>\n<\/div><\/div>\n<\/div>\n<\/div>\n<\/div><\/div><\/div><\/div>\n<\/div><\/div>\n<\/div>\n<\/div>\n<\/div>\n<\/div>\n\n\n\n<div class=\"wp-block-group alignwide\"><div class=\"wp-block-group__inner-container is-layout-constrained wp-block-group-is-layout-constrained\">\n\t\t\t\t\t\n\n\t\t\t\t\t<!-- START UNITE GALLERY 1.7.62 -->\n\t\t\t\t\t\n\t\t\t\t\n\t\t\t<div id='unitegallery_3_1' class='unite-gallery' style='margin:0px auto;'>\n\t\t\t\t\n\n\t\t\t\t\t\t<img decoding=\"async\" alt=\"gray flag #1 &gt;huile sur toile &gt; 46 x 114 cm &gt; 2013\"\n\t\t\t\t\t\t     src=\"https:\/\/michelbayetto.com\/wp-content\/uploads\/2022\/07\/gray-flag-1_80F_146x114_BD.jpg\" data-image=\"https:\/\/michelbayetto.com\/wp-content\/uploads\/2022\/07\/gray-flag-1_80F_146x114_BD.jpg\"\n\t\t\t\t\t\t     title=\"\"\n\t\t\t\t\t\t     style=\"display:none\">\n\n\t\t\t\t\t\t<img decoding=\"async\" alt=\"gray flag #2 &gt;huile sur toile &gt; 46 x 114 cm &gt; 2015\"\n\t\t\t\t\t\t     src=\"https:\/\/michelbayetto.com\/wp-content\/uploads\/2022\/07\/Grey-flag-1.jpg\" data-image=\"https:\/\/michelbayetto.com\/wp-content\/uploads\/2022\/07\/Grey-flag-1.jpg\"\n\t\t\t\t\t\t     title=\"\"\n\t\t\t\t\t\t     style=\"display:none\">\n\n\t\t\t\t\t\t<img decoding=\"async\" alt=\"gray flag #3 &gt;huile sur toile &gt; 46 x 114 cm &gt; 2015\"\n\t\t\t\t\t\t     src=\"https:\/\/michelbayetto.com\/wp-content\/uploads\/2022\/07\/Grayflag-2._BD.jpg\" data-image=\"https:\/\/michelbayetto.com\/wp-content\/uploads\/2022\/07\/Grayflag-2._BD.jpg\"\n\t\t\t\t\t\t     title=\"\"\n\t\t\t\t\t\t     style=\"display:none\">\n\n\t\t\t\t\t\t<img decoding=\"async\" alt=\"gray flag #4 &gt;huile sur toile &gt; 46 x 114 cm &gt; 2015\"\n\t\t\t\t\t\t     src=\"https:\/\/michelbayetto.com\/wp-content\/uploads\/2022\/07\/grey-flag-5.jpg\" data-image=\"https:\/\/michelbayetto.com\/wp-content\/uploads\/2022\/07\/grey-flag-5.jpg\"\n\t\t\t\t\t\t     title=\"\"\n\t\t\t\t\t\t     style=\"display:none\">\n\n\t\t\t\t\t\t<img decoding=\"async\" alt=\"gray flag #5 &gt;huile sur toile &gt; 46 x 114 cm &gt; 2016\"\n\t\t\t\t\t\t     src=\"https:\/\/michelbayetto.com\/wp-content\/uploads\/2022\/07\/gray-flaq-3_BD.jpg\" data-image=\"https:\/\/michelbayetto.com\/wp-content\/uploads\/2022\/07\/gray-flaq-3_BD.jpg\"\n\t\t\t\t\t\t     title=\"\"\n\t\t\t\t\t\t     style=\"display:none\">\n\t\t\t<\/div>\n\n\t\t\t<script type='text\/javascript'>\n\t\t\t\twindow.onload = function(e) {\n\t\t\t\t\tif(typeof ugCheckForErrors == \"undefined\"){\n\t\t\t\t\t\tdocument.getElementById(\"unitegallery_3_1\").innerHTML = \"<span style='color:red'>Unite Gallery Error - gallery js and css files not included in the footer. Please make sure that wp_footer() function is added to your theme.<\/span>\";}\n\t\t\t\t\telse{ ugCheckForErrors(\"unitegallery_3_1\", \"jquery\");}\n\t\t\t\t};\n\t\t\t<\/script>\n\n\t\t\t<!-- END UNITEGALLERY -->\n<\/div><\/div>\n\n\n\n<p class=\"tw-mt-0 tw-mb-0 tw-text-wide\" style=\"font-size:30px;line-height:1.2\">Gri<a href=\"https:\/\/michelbayetto.com\/?p=1236(ouvre un nouvel onglet)\">s-gris<br>Elisabeth Lebovici<\/a> <\/p>\n\n\n\n<div class=\"wp-block-group alignwide is-vertical is-layout-flex wp-container-core-group-is-layout-fe9cc265 wp-block-group-is-layout-flex\" style=\"border-radius:0px\">\n<div class=\"wp-block-buttons alignwide tw-mt-0 is-vertical is-layout-flex wp-container-core-buttons-is-layout-fe9cc265 wp-block-buttons-is-layout-flex\">\n<div class=\"wp-block-button has-custom-font-size is-style-fill has-extra-small-font-size\"><a class=\"wp-block-button__link has-black-color has-subtle-background-color has-text-color has-background wp-element-button\" href=\"https:\/\/michelbayetto.com\/?p=1244\" style=\"border-radius:0px;padding-top:10px;padding-right:15px;padding-bottom:10px;padding-left:15px\">English<\/a><\/div>\n<\/div>\n<\/div>\n","protected":false},"excerpt":{"rendered":"<p>Gris-grisElisabeth Lebovici<\/p>\n","protected":false},"author":1,"featured_media":0,"parent":0,"menu_order":0,"comment_status":"closed","ping_status":"closed","template":"","meta":{"footnotes":""},"class_list":["post-37","page","type-page","status-publish","hentry","entry"],"_links":{"self":[{"href":"https:\/\/michelbayetto.com\/index.php?rest_route=\/wp\/v2\/pages\/37","targetHints":{"allow":["GET"]}}],"collection":[{"href":"https:\/\/michelbayetto.com\/index.php?rest_route=\/wp\/v2\/pages"}],"about":[{"href":"https:\/\/michelbayetto.com\/index.php?rest_route=\/wp\/v2\/types\/page"}],"author":[{"embeddable":true,"href":"https:\/\/michelbayetto.com\/index.php?rest_route=\/wp\/v2\/users\/1"}],"replies":[{"embeddable":true,"href":"https:\/\/michelbayetto.com\/index.php?rest_route=%2Fwp%2Fv2%2Fcomments&post=37"}],"version-history":[{"count":0,"href":"https:\/\/michelbayetto.com\/index.php?rest_route=\/wp\/v2\/pages\/37\/revisions"}],"wp:attachment":[{"href":"https:\/\/michelbayetto.com\/index.php?rest_route=%2Fwp%2Fv2%2Fmedia&parent=37"}],"curies":[{"name":"wp","href":"https:\/\/api.w.org\/{rel}","templated":true}]}}