{"id":32,"date":"2022-03-24T07:45:36","date_gmt":"2022-03-24T06:45:36","guid":{"rendered":"https:\/\/michelbayetto.com\/?page_id=32"},"modified":"2024-09-10T18:39:50","modified_gmt":"2024-09-10T16:39:50","slug":"e-jizz","status":"publish","type":"page","link":"https:\/\/michelbayetto.com\/?page_id=32","title":{"rendered":"E-jizz"},"content":{"rendered":"\n<div class=\"wp-block-group alignwide is-nowrap is-layout-flex wp-container-core-group-is-layout-bcde1d39 wp-block-group-is-layout-flex\" style=\"border-style:none;border-width:0px;padding-top:0;padding-right:0;padding-bottom:0;padding-left:0\">\n<div class=\"wp-block-columns is-style-twentytwentyone-columns-overlap has-text-align-left is-layout-flex wp-container-core-columns-is-layout-07b7b7eb wp-block-columns-is-layout-flex\" style=\"padding-top:0;padding-right:0;padding-bottom:0;padding-left:0\">\n<div class=\"wp-block-column is-layout-flow wp-block-column-is-layout-flow\" style=\"--col-width:100%;flex-basis:100%\">\n<div class=\"wp-block-group\"><div class=\"wp-block-group__inner-container is-layout-constrained wp-block-group-is-layout-constrained\">\n<div class=\"wp-block-buttons alignwide has-custom-font-size has-extra-large-font-size is-horizontal is-content-justification-left is-nowrap is-layout-flex wp-container-core-buttons-is-layout-7926b886 wp-block-buttons-is-layout-flex\">\n<div class=\"wp-block-button has-custom-font-size is-style-outline has-extra-small-font-size is-style-outline--1\" id=\"popantrofrancais\"><a class=\"wp-block-button__link has-white-color has-black-background-color has-text-color has-background has-link-color has-text-align-left wp-element-button\" href=\"#ejizzfr\" style=\"border-style:none;border-width:0px;padding-top:6px;padding-right:13px;padding-bottom:6px;padding-left:13px\"><strong>EN SAVOIR <\/strong>P<strong>LUS<\/strong>&#8230;<\/a><\/div>\n\n\n\n<div class=\"wp-block-button has-custom-font-size is-style-outline has-extra-small-font-size is-style-outline--2\" id=\"popantrofrancais\"><a class=\"wp-block-button__link has-white-color has-black-background-color has-text-color has-background has-link-color has-text-align-left wp-element-button\" href=\"#ejizzgb\" style=\"border-style:none;border-width:0px;padding-top:6px;padding-right:13px;padding-bottom:6px;padding-left:13px\">LEARN MORE&#8230;<\/a><\/div>\n<\/div>\n<\/div><\/div>\n<\/div>\n<\/div>\n\n\n\n<div class=\"wp-block-columns alignfull is-layout-flex wp-container-core-columns-is-layout-28f84493 wp-block-columns-is-layout-flex\">\n<div class=\"wp-block-column is-vertically-aligned-stretch is-layout-flow wp-block-column-is-layout-flow\" style=\"--col-width:100%;flex-basis:100%\">\n<div class=\"wp-block-group alignfull\"><div class=\"wp-block-group__inner-container is-layout-constrained wp-block-group-is-layout-constrained\">\n<div class=\"wp-block-abs-popup-block abs-popup front\" data-open=\"anchor\" data-anchor=\"ejizzfr\" data-anchorclose=\"\" data-time=\"\" data-dismiss=\"20\" data-offset=\"\" data-outside=\"true\" data-created=\"G2vpA04bGrk3ZRx6cggrC\"><div class=\"abs-modal-wrap\"><div role=\"presentation\" class=\"overlay\" style=\"background-color:#000000;opacity:0.3\"><\/div><div class=\"modal-content\" style=\"min-width:0;border-radius:0\"><div class=\"modal-header\"><button class=\"close\"><span style=\"font-size:60px;color:#000000;line-height:1\">\u2715<\/span><\/button><\/div><div class=\"modal-body\">\n<div class=\"wp-block-group\"><div class=\"wp-block-group__inner-container is-layout-constrained wp-block-group-is-layout-constrained\">\n<div class=\"wp-block-columns alignwide is-style-twentytwentyone-columns-overlap has-text-align-left is-layout-flex wp-container-core-columns-is-layout-28f84493 wp-block-columns-is-layout-flex\">\n<div style=\"--col-width:;\" class=\"wp-block-column is-vertically-aligned-bottom is-layout-flow wp-block-column-is-layout-flow\" id=\"antrofr\">\n<div id=\"antrofr\" class=\"wp-block-group is-style-twentytwentyone-border\" style=\"border-style:none;border-width:0px;padding-top:0;padding-right:0;padding-bottom:0;padding-left:0\"><div class=\"wp-block-group__inner-container is-layout-constrained wp-container-core-group-is-layout-639b5052 wp-block-group-is-layout-constrained\">\n<p>E-jizz<\/p>\n\n\n\n<p>E, pour Ethernet. Jizz, pour foutre.&nbsp;&nbsp;<br>Peintes \u00e0 l\u2019huile, de diff\u00e9rentes tailles, cette s\u00e9rie de personnages \u00e9t\u00eat\u00e9s fait cascader des repr\u00e9sentations qui s\u2019imbriquent et s\u2019intriquent comme des&nbsp;\u00ab&nbsp;poup\u00e9es russes&nbsp;\u00bb. Ce sont, trouv\u00e9es sur des sites de rencontre,&nbsp;des photos d\u2019hommes qui ont choisi de se d\u00e9figurer avant de poster leur grimage sur les r\u00e9seaux sociaux. Une fois ces images imprim\u00e9es, je me suis attach\u00e9 \u00e0 reproduire scrupuleusement, non seulement leur d\u00e9figuration, mais l\u2019image imprim\u00e9e de l\u2019image, en g\u00e9n\u00e9rant, en troisi\u00e8me ordre, un tableau.<\/p>\n\n\n\n<p>Cette d\u00e9marche se double d\u2019une <a href=\"https:\/\/michelbayetto.com\/?page_id=1930\" target=\"_blank\" rel=\"noreferrer noopener\"><strong>s\u00e9rie de dessins<\/strong><\/a>, au stylo bille et \u00e0 la salive, d\u2019apr\u00e8s les tableaux eux-m\u00eames. Dans cette multiplication des reproductions, j\u2019\u00e9labore une confusion entre sujet repr\u00e9sent\u00e9, image photographique et repr\u00e9sentation picturale ou dessin\u00e9e. La brutalit\u00e9 et le prosa\u00efsme des situations sont autant d\u2019antinomies \u00e0 la notion de \u00ab&nbsp;belle peinture&nbsp;\u00bb, et participe d\u2019une certaine d\u00e9figuration de celle-ci.<\/p>\n<\/div><\/div>\n<\/div>\n<\/div>\n<\/div><\/div>\n<\/div><\/div><\/div><\/div>\n\n\n\n<div class=\"wp-block-abs-popup-block abs-popup front\" data-open=\"anchor\" data-anchor=\"ejizzgb\" data-anchorclose=\"\" data-time=\"\" data-dismiss=\"20\" data-offset=\"\" data-outside=\"true\" data-created=\"G2vpA04bGrk3ZRx6cggrC\"><div class=\"abs-modal-wrap\"><div role=\"presentation\" class=\"overlay\" style=\"background-color:#000000;opacity:0.3\"><\/div><div class=\"modal-content\" style=\"min-width:0;border-radius:0\"><div class=\"modal-header\"><button class=\"close\"><span style=\"font-size:60px;color:#000000;line-height:1\">\u2715<\/span><\/button><\/div><div class=\"modal-body\">\n<div class=\"wp-block-columns alignwide are-vertically-aligned-center is-layout-flex wp-container-core-columns-is-layout-28f84493 wp-block-columns-is-layout-flex\">\n<div class=\"wp-block-column is-vertically-aligned-center is-layout-flow wp-block-column-is-layout-flow\" style=\"--col-width:100%;flex-basis:100%\">\n<div class=\"wp-block-group\"><div class=\"wp-block-group__inner-container is-layout-constrained wp-block-group-is-layout-constrained\">\n<div class=\"wp-block-columns alignwide is-style-twentytwentyone-columns-overlap has-text-align-left is-layout-flex wp-container-core-columns-is-layout-28f84493 wp-block-columns-is-layout-flex\">\n<div style=\"--col-width:;\" class=\"wp-block-column is-vertically-aligned-bottom is-layout-flow wp-block-column-is-layout-flow\" id=\"antrofr\">\n<div class=\"wp-block-group alignwide\" id=\"antrofr\"><div class=\"wp-block-group__inner-container is-layout-constrained wp-block-group-is-layout-constrained\">\n<p>E-jizz<\/p>\n\n\n\n<p>E for Ethernet. Jizz for come.&nbsp;&nbsp;<br>Painted in oil and in various sizes, this series of headless characters is a cascade of depictions which overlap and intertwine like \u201cRussian dolls\u201d. Found on Internet dating sites, they are photos of men who have chosen to disfigure themselves before posting their likeness on social media. Once these images have been printed, I set about scrupulously reproducing not only their disfiguration, but also the printed image, generating a third-order image.<\/p>\n\n\n\n<p>This procedure is combined with a <a href=\"https:\/\/michelbayetto.com\/?page_id=1930\" target=\"_blank\" rel=\"noreferrer noopener\"><strong>series of drawings<\/strong><\/a> in biro and saliva, based on the pictures themselves. In these multiple reproductions, I develop a confusion between the subject represented, a photographic image and pictorial or drawn representation. The brutality and every occurrence of the situations are as much conflictual with the notion of \u201cbeautiful painting\u201d and participate to some degree in disfiguring it.<\/p>\n<\/div><\/div>\n<\/div>\n<\/div>\n<\/div><\/div>\n<\/div>\n<\/div>\n<\/div><\/div><\/div><\/div>\n<\/div><\/div>\n<\/div>\n<\/div>\n<\/div>\n\n\n\n<div class=\"wp-block-columns alignwide is-layout-flex wp-container-core-columns-is-layout-28f84493 wp-block-columns-is-layout-flex\">\n<div class=\"wp-block-column is-layout-flow wp-block-column-is-layout-flow\" style=\"--col-width:100%;flex-basis:100%\">\n\t\t\t\t\t\n\n\t\t\t\t\t<!-- START UNITE GALLERY 1.7.62 -->\n\t\t\t\t\t\n\t\t\t\t\n\t\t\t<div id='unitegallery_7_1' class='unite-gallery' style='margin:0px auto;'>\n\t\t\t\t\n\n\t\t\t\t\t\t<img decoding=\"async\" alt=\"E-jizz #10 &gt; D\u2019ou\u0300 l\u2019inte\u0301re\u0302t des BM &gt; huile sur toile &gt; 100 x 100 cm &gt; 2016\"\n\t\t\t\t\t\t     src=\"https:\/\/michelbayetto.com\/wp-content\/uploads\/2022\/07\/E-jizz10-E-jizz-10-dou\u0300-linte\u0301re\u0302t-des-BM_100x100_2016_BD.jpg\" data-image=\"https:\/\/michelbayetto.com\/wp-content\/uploads\/2022\/07\/E-jizz10-E-jizz-10-dou\u0300-linte\u0301re\u0302t-des-BM_100x100_2016_BD.jpg\"\n\t\t\t\t\t\t     title=\"\"\n\t\t\t\t\t\t     style=\"display:none\">\n\n\t\t\t\t\t\t<img decoding=\"async\" alt=\"E-jizz-3 &gt; No smoking &gt; huile sur toile &gt; 61 x 50 cm &gt; 2014\"\n\t\t\t\t\t\t     src=\"https:\/\/michelbayetto.com\/wp-content\/uploads\/2022\/07\/E-jizz-3_61x50_2014_no-smoking_BD.jpg\" data-image=\"https:\/\/michelbayetto.com\/wp-content\/uploads\/2022\/07\/E-jizz-3_61x50_2014_no-smoking_BD.jpg\"\n\t\t\t\t\t\t     title=\"\"\n\t\t\t\t\t\t     style=\"display:none\">\n\n\t\t\t\t\t\t<img decoding=\"async\" alt=\"E-jizz #9 &gt; Celui qui n'aime pas la de\u0301co &gt; huile sur toile &gt; 92 x 73 cm &gt; 2014\"\n\t\t\t\t\t\t     src=\"https:\/\/michelbayetto.com\/wp-content\/uploads\/2022\/07\/E-jizz-9_-92x73_-Celui-qui-naime-pas-la-de\u0301co_2014_BD.jpg\" data-image=\"https:\/\/michelbayetto.com\/wp-content\/uploads\/2022\/07\/E-jizz-9_-92x73_-Celui-qui-naime-pas-la-de\u0301co_2014_BD.jpg\"\n\t\t\t\t\t\t     title=\"\"\n\t\t\t\t\t\t     style=\"display:none\">\n\n\t\t\t\t\t\t<img decoding=\"async\" alt=\"E-jizz #8 &gt; Celui qui a\u0300 un coup de pompe &gt; huile sur toile &gt; 50 x 50 cm &gt; 2013\"\n\t\t\t\t\t\t     src=\"https:\/\/michelbayetto.com\/wp-content\/uploads\/2022\/07\/E-jizz-8_50x50_Celui-qui-a\u0300-un-coup-de-pompe_2013_BD.jpg\" data-image=\"https:\/\/michelbayetto.com\/wp-content\/uploads\/2022\/07\/E-jizz-8_50x50_Celui-qui-a\u0300-un-coup-de-pompe_2013_BD.jpg\"\n\t\t\t\t\t\t     title=\"\"\n\t\t\t\t\t\t     style=\"display:none\">\n\n\t\t\t\t\t\t<img decoding=\"async\" alt=\"E-jizz #7 &gt; Celui qui n'a pas piscine &gt; huile sur toile &gt; 120 x 120 cm &gt; 2013\"\n\t\t\t\t\t\t     src=\"https:\/\/michelbayetto.com\/wp-content\/uploads\/2022\/07\/E-jizz-7_120x120_-Celui-qui-na-pas-piscine_2013_BD.jpg\" data-image=\"https:\/\/michelbayetto.com\/wp-content\/uploads\/2022\/07\/E-jizz-7_120x120_-Celui-qui-na-pas-piscine_2013_BD.jpg\"\n\t\t\t\t\t\t     title=\"\"\n\t\t\t\t\t\t     style=\"display:none\">\n\n\t\t\t\t\t\t<img decoding=\"async\" alt=\"E-jizz #6 &gt; La Roche Bobois &gt; huile sur toile &gt; 50 x 50 cm &gt; 2013\"\n\t\t\t\t\t\t     src=\"https:\/\/michelbayetto.com\/wp-content\/uploads\/2022\/07\/E-jizz-6_50x50_La-rocebeaubois-2013_BD.jpg\" data-image=\"https:\/\/michelbayetto.com\/wp-content\/uploads\/2022\/07\/E-jizz-6_50x50_La-rocebeaubois-2013_BD.jpg\"\n\t\t\t\t\t\t     title=\"\"\n\t\t\t\t\t\t     style=\"display:none\">\n\n\t\t\t\t\t\t<img decoding=\"async\" alt=\"E-jizz #5 &gt; Celui qui est en te\u0301le\u0301travail &gt; huile sur toile &gt; 50 x 50 cm &gt; 2011\"\n\t\t\t\t\t\t     src=\"https:\/\/michelbayetto.com\/wp-content\/uploads\/2022\/07\/E-jizz-5_50x50_Celui-qui-est-en-te\u0301le\u0301trvail_2011_BD.jpg\" data-image=\"https:\/\/michelbayetto.com\/wp-content\/uploads\/2022\/07\/E-jizz-5_50x50_Celui-qui-est-en-te\u0301le\u0301trvail_2011_BD.jpg\"\n\t\t\t\t\t\t     title=\"\"\n\t\t\t\t\t\t     style=\"display:none\">\n\n\t\t\t\t\t\t<img decoding=\"async\" alt=\"E-jizz #4 &gt; Le vit en rose &gt; huile sur toile &gt; 50 x 50 cm &gt; 2011\"\n\t\t\t\t\t\t     src=\"https:\/\/michelbayetto.com\/wp-content\/uploads\/2022\/07\/E-jizz-4_50x50-_-Le-vit-en-rose_2011_BD.jpg\" data-image=\"https:\/\/michelbayetto.com\/wp-content\/uploads\/2022\/07\/E-jizz-4_50x50-_-Le-vit-en-rose_2011_BD.jpg\"\n\t\t\t\t\t\t     title=\"\"\n\t\t\t\t\t\t     style=\"display:none\">\n\n\t\t\t\t\t\t<img decoding=\"async\" alt=\"E-jizz #2 &gt; la lec\u0327on de piano&gt; huile sur toile &gt; 30 x 50 cm &gt; 2010\"\n\t\t\t\t\t\t     src=\"https:\/\/michelbayetto.com\/wp-content\/uploads\/2022\/07\/E-jizz-2_30x50_la-lec\u0327on-de-piano_2010_BD.jpg\" data-image=\"https:\/\/michelbayetto.com\/wp-content\/uploads\/2022\/07\/E-jizz-2_30x50_la-lec\u0327on-de-piano_2010_BD.jpg\"\n\t\t\t\t\t\t     title=\"\"\n\t\t\t\t\t\t     style=\"display:none\">\n\n\t\t\t\t\t\t<img decoding=\"async\" alt=\"E-jizz #1 &gt; Celui qui est dans de beaux draps &gt; huile sur toile &gt; 50 x 50 cm &gt; 2010\"\n\t\t\t\t\t\t     src=\"https:\/\/michelbayetto.com\/wp-content\/uploads\/2022\/07\/E-jizz-1-50x50_Celui-qui-est-dans-de-beaux-draps_2010_BD-1.jpg\" data-image=\"https:\/\/michelbayetto.com\/wp-content\/uploads\/2022\/07\/E-jizz-1-50x50_Celui-qui-est-dans-de-beaux-draps_2010_BD-1.jpg\"\n\t\t\t\t\t\t     title=\"\"\n\t\t\t\t\t\t     style=\"display:none\">\n\t\t\t<\/div>\n\n\t\t\t<script type='text\/javascript'>\n\t\t\t\twindow.onload = function(e) {\n\t\t\t\t\tif(typeof ugCheckForErrors == \"undefined\"){\n\t\t\t\t\t\tdocument.getElementById(\"unitegallery_7_1\").innerHTML = \"<span style='color:red'>Unite Gallery Error - gallery js and css files not included in the footer. Please make sure that wp_footer() function is added to your theme.<\/span>\";}\n\t\t\t\t\telse{ ugCheckForErrors(\"unitegallery_7_1\", \"jquery\");}\n\t\t\t\t};\n\t\t\t<\/script>\n\n\t\t\t<!-- END UNITEGALLERY -->\n<\/div>\n<\/div>\n\n\n\n<div class=\"wp-block-group alignwide has-medium-font-size is-vertical is-layout-flex wp-container-core-group-is-layout-fe9cc265 wp-block-group-is-layout-flex\">\n<p class=\"tw-mt-0 tw-mb-0 tw-text-wide\" style=\"font-size:30px;line-height:1.2\"><a href=\"https:\/\/michelbayetto.com\/?p=1172\" target=\"_blank\" rel=\"noreferrer noopener\">Sans Issue<br>Mathieu Riboulet<\/a><\/p>\n\n\n\n<div class=\"wp-block-group alignwide is-vertical is-layout-flex wp-container-core-group-is-layout-fe9cc265 wp-block-group-is-layout-flex\" style=\"border-radius:0px\">\n<div class=\"wp-block-buttons alignwide tw-mt-0 is-vertical is-layout-flex wp-container-core-buttons-is-layout-fe9cc265 wp-block-buttons-is-layout-flex\">\n<div class=\"wp-block-button has-custom-font-size is-style-fill has-extra-small-font-size\"><a class=\"wp-block-button__link has-black-color has-subtle-background-color has-text-color has-background wp-element-button\" href=\"https:\/\/michelbayetto.com\/?p=1215\" style=\"border-radius:0px;padding-top:10px;padding-right:15px;padding-bottom:10px;padding-left:15px\" target=\"_blank\" rel=\"noreferrer noopener\">English<\/a><\/div>\n<\/div>\n<\/div>\n<\/div>\n\n\n\n<p><\/p>\n","protected":false},"excerpt":{"rendered":"<p>Sans IssueMathieu Riboulet<\/p>\n","protected":false},"author":1,"featured_media":0,"parent":0,"menu_order":0,"comment_status":"closed","ping_status":"closed","template":"","meta":{"footnotes":""},"class_list":["post-32","page","type-page","status-publish","hentry","entry"],"_links":{"self":[{"href":"https:\/\/michelbayetto.com\/index.php?rest_route=\/wp\/v2\/pages\/32","targetHints":{"allow":["GET"]}}],"collection":[{"href":"https:\/\/michelbayetto.com\/index.php?rest_route=\/wp\/v2\/pages"}],"about":[{"href":"https:\/\/michelbayetto.com\/index.php?rest_route=\/wp\/v2\/types\/page"}],"author":[{"embeddable":true,"href":"https:\/\/michelbayetto.com\/index.php?rest_route=\/wp\/v2\/users\/1"}],"replies":[{"embeddable":true,"href":"https:\/\/michelbayetto.com\/index.php?rest_route=%2Fwp%2Fv2%2Fcomments&post=32"}],"version-history":[{"count":1,"href":"https:\/\/michelbayetto.com\/index.php?rest_route=\/wp\/v2\/pages\/32\/revisions"}],"predecessor-version":[{"id":3829,"href":"https:\/\/michelbayetto.com\/index.php?rest_route=\/wp\/v2\/pages\/32\/revisions\/3829"}],"wp:attachment":[{"href":"https:\/\/michelbayetto.com\/index.php?rest_route=%2Fwp%2Fv2%2Fmedia&parent=32"}],"curies":[{"name":"wp","href":"https:\/\/api.w.org\/{rel}","templated":true}]}}