{"id":241,"date":"2022-03-28T18:11:26","date_gmt":"2022-03-28T16:11:26","guid":{"rendered":"https:\/\/michelbayetto.com\/?page_id=241"},"modified":"2024-08-12T15:00:29","modified_gmt":"2024-08-12T13:00:29","slug":"john-doe","status":"publish","type":"page","link":"https:\/\/michelbayetto.com\/?page_id=241","title":{"rendered":"John Doe"},"content":{"rendered":"\n<div class=\"wp-block-group alignwide is-nowrap is-layout-flex wp-container-core-group-is-layout-bcde1d39 wp-block-group-is-layout-flex\" style=\"border-style:none;border-width:0px;padding-top:0;padding-right:0;padding-bottom:0;padding-left:0\">\n<div class=\"wp-block-columns is-style-twentytwentyone-columns-overlap has-text-align-left is-layout-flex wp-container-core-columns-is-layout-07b7b7eb wp-block-columns-is-layout-flex\" style=\"padding-top:0;padding-right:0;padding-bottom:0;padding-left:0\">\n<div class=\"wp-block-column is-layout-flow wp-block-column-is-layout-flow\" style=\"--col-width:100%;flex-basis:100%\">\n<div class=\"wp-block-group\"><div class=\"wp-block-group__inner-container is-layout-constrained wp-block-group-is-layout-constrained\">\n<div class=\"wp-block-buttons alignwide has-custom-font-size has-extra-large-font-size is-horizontal is-content-justification-left is-nowrap is-layout-flex wp-container-core-buttons-is-layout-7926b886 wp-block-buttons-is-layout-flex\">\n<div class=\"wp-block-button has-custom-font-size is-style-outline has-extra-small-font-size is-style-outline--1\" id=\"popantrofrancais\"><a class=\"wp-block-button__link has-white-color has-black-background-color has-text-color has-background has-link-color has-text-align-left wp-element-button\" href=\"#johnfr\" style=\"border-style:none;border-width:0px;padding-top:6px;padding-right:13px;padding-bottom:6px;padding-left:13px\"><strong>EN SAVOIR <\/strong>P<strong>LUS<\/strong>&#8230;<\/a><\/div>\n\n\n\n<div class=\"wp-block-button has-custom-font-size is-style-outline has-extra-small-font-size is-style-outline--2\" id=\"popantrofrancais\"><a class=\"wp-block-button__link has-white-color has-black-background-color has-text-color has-background has-link-color has-text-align-left wp-element-button\" href=\"#johngb\" style=\"border-style:none;border-width:0px;padding-top:6px;padding-right:13px;padding-bottom:6px;padding-left:13px\">LEARN MORE&#8230;<\/a><\/div>\n<\/div>\n<\/div><\/div>\n<\/div>\n<\/div>\n\n\n\n<div class=\"wp-block-columns alignfull is-layout-flex wp-container-core-columns-is-layout-28f84493 wp-block-columns-is-layout-flex\">\n<div class=\"wp-block-column is-vertically-aligned-stretch is-layout-flow wp-block-column-is-layout-flow\" style=\"--col-width:100%;flex-basis:100%\">\n<div class=\"wp-block-group alignfull\"><div class=\"wp-block-group__inner-container is-layout-constrained wp-block-group-is-layout-constrained\">\n<div class=\"wp-block-abs-popup-block abs-popup front\" data-open=\"anchor\" data-anchor=\"johnfr\" data-anchorclose=\"\" data-time=\"\" data-dismiss=\"20\" data-offset=\"\" data-outside=\"true\" data-created=\"G2vpA04bGrk3ZRx6cggrC\"><div class=\"abs-modal-wrap\"><div role=\"presentation\" class=\"overlay\" style=\"background-color:#000000;opacity:0.3\"><\/div><div class=\"modal-content\" style=\"min-width:0;border-radius:0\"><div class=\"modal-header\"><button class=\"close\"><span style=\"font-size:60px;color:#000000;line-height:1\">\u2715<\/span><\/button><\/div><div class=\"modal-body\">\n<p class=\"tw-text-wide\">John Doe<\/p>\n\n\n\n<p class=\"tw-text-wide\">En anglais, John Doe&nbsp;ou Jane Doe est une expression qui d\u00e9signe une personne qui ne peut \u00eatre identifi\u00e9e.<\/p>\n\n\n\n<p class=\"tw-text-wide\">John Doe est une s\u00e9rie ouverte, compos\u00e9e de tableaux de tailles diff\u00e9rentes, peints \u00e0 l\u2019huile. Je n\u2019utilise pas de documents de r\u00e9f\u00e9rence. Ces personnages, sortis de mon imagination, sont, en quelque sorte, des autoportraits, des projections du \u201c&nbsp;je est un autre \u201d de Rimbaud. Un autre constitutif de notre fa\u00e7on d\u2019\u00eatre au monde&nbsp;: il nous hante mais reste indiscernable. Ce ne sont pas des tableaux en noir et blanc mais des tableaux en gris. Je cr\u00e9e \u00e0 partir d\u2019un m\u00e9lange qualitatif des trois couleurs primaires, des gris color\u00e9s, plus ou moins froids ou chauds. Leur juxtaposition me permet de modeler ces personnages de dos qui ne nous regardent pas.<\/p>\n<\/div><\/div><\/div><\/div>\n\n\n\n<div class=\"wp-block-abs-popup-block abs-popup front\" data-open=\"anchor\" data-anchor=\"johngb\" data-anchorclose=\"\" data-time=\"\" data-dismiss=\"20\" data-offset=\"\" data-outside=\"true\" data-created=\"G2vpA04bGrk3ZRx6cggrC\"><div class=\"abs-modal-wrap\"><div role=\"presentation\" class=\"overlay\" style=\"background-color:#000000;opacity:0.3\"><\/div><div class=\"modal-content\" style=\"min-width:0;border-radius:0\"><div class=\"modal-header\"><button class=\"close\"><span style=\"font-size:60px;color:#000000;line-height:1\">\u2715<\/span><\/button><\/div><div class=\"modal-body\">\n<div class=\"wp-block-columns alignwide are-vertically-aligned-center is-layout-flex wp-container-core-columns-is-layout-28f84493 wp-block-columns-is-layout-flex\">\n<div class=\"wp-block-column is-vertically-aligned-center is-layout-flow wp-block-column-is-layout-flow\" style=\"--col-width:100%;flex-basis:100%\">\n<div class=\"wp-block-group\"><div class=\"wp-block-group__inner-container is-layout-constrained wp-block-group-is-layout-constrained\">\n<div class=\"wp-block-columns alignwide is-style-twentytwentyone-columns-overlap has-text-align-left is-layout-flex wp-container-core-columns-is-layout-28f84493 wp-block-columns-is-layout-flex\">\n<div style=\"--col-width:;\" class=\"wp-block-column is-vertically-aligned-bottom is-layout-flow wp-block-column-is-layout-flow\" id=\"antrofr\">\n<div class=\"wp-block-group alignwide\" id=\"antrofr\"><div class=\"wp-block-group__inner-container is-layout-constrained wp-block-group-is-layout-constrained\">\n<p class=\"tw-text-wide\">John Doe<\/p>\n\n\n\n<p class=\"tw-text-wide\">In American English, John Doe or Jane Doe is an expression describing someone who cannot be identified.<\/p>\n\n\n\n<p class=\"tw-text-wide\">John Doe is an open series comprising pictures of various sizes, painted in oils. I don\u2019t use any reference documents. These characters, which have come from my imagination, are in some way self-portraits, projections of Rimbaud\u2019s \u201cThe self is other\u201d, something else which makes up our way of being in the world. It haunts you, but remains indistinguishable. These are not paintings in black and white, but gray. I create using a qualitative mixture of three primary colors and more or less cold or warm colored grays. Their juxtaposition allows me to model these characters from behind so they\u2019re not looking at us.<\/p>\n<\/div><\/div>\n<\/div>\n<\/div>\n<\/div><\/div>\n<\/div>\n<\/div>\n<\/div><\/div><\/div><\/div>\n<\/div><\/div>\n<\/div>\n<\/div>\n<\/div>\n\n\n\n<div class=\"wp-block-group alignwide\"><div class=\"wp-block-group__inner-container is-layout-constrained wp-block-group-is-layout-constrained\">\n\t\t\t\t\t\n\n\t\t\t\t\t<!-- START UNITE GALLERY 1.7.62 -->\n\t\t\t\t\t\n\t\t\t\t\n\t\t\t<div id='unitegallery_2_1' class='unite-gallery' style='margin:0px auto;'>\n\t\t\t\t\n\n\t\t\t\t\t\t<img decoding=\"async\" alt=\"John Doe 2 &gt; huile sur toile &gt; 65 x 60 cm &gt; 2014\"\n\t\t\t\t\t\t     src=\"https:\/\/michelbayetto.com\/wp-content\/uploads\/2024\/06\/John-Doe-2_65-x-60-cm_2014_BD-1.jpg\" data-image=\"https:\/\/michelbayetto.com\/wp-content\/uploads\/2024\/06\/John-Doe-2_65-x-60-cm_2014_BD-1.jpg\"\n\t\t\t\t\t\t     title=\"\"\n\t\t\t\t\t\t     style=\"display:none\">\n\n\t\t\t\t\t\t<img decoding=\"async\" alt=\"John Doe 7 &gt; huile sur toile &gt; 65 x 60 cm &gt; 2014\"\n\t\t\t\t\t\t     src=\"https:\/\/michelbayetto.com\/wp-content\/uploads\/2024\/06\/John-Doe-7_65-x-60-2014_BD-1.jpg\" data-image=\"https:\/\/michelbayetto.com\/wp-content\/uploads\/2024\/06\/John-Doe-7_65-x-60-2014_BD-1.jpg\"\n\t\t\t\t\t\t     title=\"\"\n\t\t\t\t\t\t     style=\"display:none\">\n\n\t\t\t\t\t\t<img decoding=\"async\" alt=\"John Doe 6 &gt; huile sur toile &gt; 55 x 64 cm &gt; 2014 \"\n\t\t\t\t\t\t     src=\"https:\/\/michelbayetto.com\/wp-content\/uploads\/2024\/06\/John-Doe-6_-55x64_2014-_BD-1.jpg\" data-image=\"https:\/\/michelbayetto.com\/wp-content\/uploads\/2024\/06\/John-Doe-6_-55x64_2014-_BD-1.jpg\"\n\t\t\t\t\t\t     title=\"\"\n\t\t\t\t\t\t     style=\"display:none\">\n\n\t\t\t\t\t\t<img decoding=\"async\" alt=\"John Doe 3 &gt; huile sur toile &gt; 64 x 54 cm &gt; 2014\"\n\t\t\t\t\t\t     src=\"https:\/\/michelbayetto.com\/wp-content\/uploads\/2024\/06\/John-Doe-3_64x54_2014-_BD-1.jpg\" data-image=\"https:\/\/michelbayetto.com\/wp-content\/uploads\/2024\/06\/John-Doe-3_64x54_2014-_BD-1.jpg\"\n\t\t\t\t\t\t     title=\"\"\n\t\t\t\t\t\t     style=\"display:none\">\n\n\t\t\t\t\t\t<img decoding=\"async\" alt=\"John Doe 10 &gt; huile sur toile &gt; 65 x 50 cm &gt; 2015\"\n\t\t\t\t\t\t     src=\"https:\/\/michelbayetto.com\/wp-content\/uploads\/2024\/06\/John-Doe-9_65x50_15P-_BD-1.jpg\" data-image=\"https:\/\/michelbayetto.com\/wp-content\/uploads\/2024\/06\/John-Doe-9_65x50_15P-_BD-1.jpg\"\n\t\t\t\t\t\t     title=\"\"\n\t\t\t\t\t\t     style=\"display:none\">\n\n\t\t\t\t\t\t<img decoding=\"async\" alt=\"John Doe 1 &gt; huile sur toile &gt; 50 x 70 cm &gt; 2013\"\n\t\t\t\t\t\t     src=\"https:\/\/michelbayetto.com\/wp-content\/uploads\/2024\/06\/John-Doe-1-_50-x-70-cm_2014_BD-1.jpg\" data-image=\"https:\/\/michelbayetto.com\/wp-content\/uploads\/2024\/06\/John-Doe-1-_50-x-70-cm_2014_BD-1.jpg\"\n\t\t\t\t\t\t     title=\"\"\n\t\t\t\t\t\t     style=\"display:none\">\n\n\t\t\t\t\t\t<img decoding=\"async\" alt=\"John Doe 5 &gt; huile sur toile &gt; 65 x 50 cm &gt; 2014\"\n\t\t\t\t\t\t     src=\"https:\/\/michelbayetto.com\/wp-content\/uploads\/2024\/06\/John-Doe-5_15P_65x50_BD-1.jpg\" data-image=\"https:\/\/michelbayetto.com\/wp-content\/uploads\/2024\/06\/John-Doe-5_15P_65x50_BD-1.jpg\"\n\t\t\t\t\t\t     title=\"\"\n\t\t\t\t\t\t     style=\"display:none\">\n\n\t\t\t\t\t\t<img decoding=\"async\" alt=\"John Doe 8 &gt; huile sur toile &gt; 73 x 54 cm &gt; 2015\"\n\t\t\t\t\t\t     src=\"https:\/\/michelbayetto.com\/wp-content\/uploads\/2024\/06\/John-Doe-8_73X54_20P-2015_BD-2-1.jpg\" data-image=\"https:\/\/michelbayetto.com\/wp-content\/uploads\/2024\/06\/John-Doe-8_73X54_20P-2015_BD-2-1.jpg\"\n\t\t\t\t\t\t     title=\"\"\n\t\t\t\t\t\t     style=\"display:none\">\n\n\t\t\t\t\t\t<img decoding=\"async\" alt=\"John Doe 4 &gt; huile sur toile &gt; 65 x 50 cm &gt; 2014\"\n\t\t\t\t\t\t     src=\"https:\/\/michelbayetto.com\/wp-content\/uploads\/2024\/06\/John-Doe-4-_65-x-50-cm_2014_BD-1.jpg\" data-image=\"https:\/\/michelbayetto.com\/wp-content\/uploads\/2024\/06\/John-Doe-4-_65-x-50-cm_2014_BD-1.jpg\"\n\t\t\t\t\t\t     title=\"\"\n\t\t\t\t\t\t     style=\"display:none\">\n\n\t\t\t\t\t\t<img decoding=\"async\" alt=\"John Doe-31:12:21 &gt; huile sur toile &gt; 146 x 114 cm &gt; 2021\"\n\t\t\t\t\t\t     src=\"https:\/\/michelbayetto.com\/wp-content\/uploads\/2024\/06\/John-Doe-311221_80F_146X114_BD-1.jpg\" data-image=\"https:\/\/michelbayetto.com\/wp-content\/uploads\/2024\/06\/John-Doe-311221_80F_146X114_BD-1.jpg\"\n\t\t\t\t\t\t     title=\"\"\n\t\t\t\t\t\t     style=\"display:none\">\n\t\t\t<\/div>\n\n\t\t\t<script type='text\/javascript'>\n\t\t\t\twindow.onload = function(e) {\n\t\t\t\t\tif(typeof ugCheckForErrors == \"undefined\"){\n\t\t\t\t\t\tdocument.getElementById(\"unitegallery_2_1\").innerHTML = \"<span style='color:red'>Unite Gallery Error - gallery js and css files not included in the footer. Please make sure that wp_footer() function is added to your theme.<\/span>\";}\n\t\t\t\t\telse{ ugCheckForErrors(\"unitegallery_2_1\", \"jquery\");}\n\t\t\t\t};\n\t\t\t<\/script>\n\n\t\t\t<!-- END UNITEGALLERY -->\n<\/div><\/div>\n","protected":false},"excerpt":{"rendered":"","protected":false},"author":1,"featured_media":0,"parent":0,"menu_order":0,"comment_status":"closed","ping_status":"closed","template":"","meta":{"footnotes":""},"class_list":["post-241","page","type-page","status-publish","hentry","entry"],"_links":{"self":[{"href":"https:\/\/michelbayetto.com\/index.php?rest_route=\/wp\/v2\/pages\/241","targetHints":{"allow":["GET"]}}],"collection":[{"href":"https:\/\/michelbayetto.com\/index.php?rest_route=\/wp\/v2\/pages"}],"about":[{"href":"https:\/\/michelbayetto.com\/index.php?rest_route=\/wp\/v2\/types\/page"}],"author":[{"embeddable":true,"href":"https:\/\/michelbayetto.com\/index.php?rest_route=\/wp\/v2\/users\/1"}],"replies":[{"embeddable":true,"href":"https:\/\/michelbayetto.com\/index.php?rest_route=%2Fwp%2Fv2%2Fcomments&post=241"}],"version-history":[{"count":3,"href":"https:\/\/michelbayetto.com\/index.php?rest_route=\/wp\/v2\/pages\/241\/revisions"}],"predecessor-version":[{"id":3534,"href":"https:\/\/michelbayetto.com\/index.php?rest_route=\/wp\/v2\/pages\/241\/revisions\/3534"}],"wp:attachment":[{"href":"https:\/\/michelbayetto.com\/index.php?rest_route=%2Fwp%2Fv2%2Fmedia&parent=241"}],"curies":[{"name":"wp","href":"https:\/\/api.w.org\/{rel}","templated":true}]}}