{"id":1632,"date":"2022-08-05T13:11:04","date_gmt":"2022-08-05T11:11:04","guid":{"rendered":"https:\/\/michelbayetto.com\/?page_id=1632"},"modified":"2022-08-11T22:11:52","modified_gmt":"2022-08-11T20:11:52","slug":"mentions-legales","status":"publish","type":"page","link":"https:\/\/michelbayetto.com\/?page_id=1632","title":{"rendered":"Mentions l\u00e9gales"},"content":{"rendered":"\n<p class=\"tw-text-wide\">Conform\u00e9ment aux dispositions des Articles 6-III et 19 de la Loi n\u00b02004-575 du 21 juin 2004 pour la Confiance dans l&rsquo;\u00e9conomie num\u00e9rique, dite L.C.E.N., il est port\u00e9 \u00e0 la connaissance des utilisateurs et visiteurs du site bayetto.com les pr\u00e9sentes mentions l\u00e9gales.<\/p>\n\n\n\n<p class=\"tw-text-wide\">Le site Le Portfolio est accessible \u00e0 l&rsquo;adresse suivante : michelbayetto.com. L&rsquo;acc\u00e8s et l&rsquo;utilisation du Site sont soumis aux pr\u00e9sentes \u00a0\u00bb Mentions l\u00e9gales\u00a0\u00bb d\u00e9taill\u00e9es ci-apr\u00e8s ainsi qu&rsquo;aux lois et\/ou r\u00e8glements applicables.<\/p>\n\n\n\n<p class=\"tw-text-wide\">La connexion, l&rsquo;utilisation et l&rsquo;acc\u00e8s \u00e0 ce Site impliquent l&rsquo;acceptation int\u00e9grale et sans r\u00e9serve de l&rsquo;internaute de toutes les dispositions des pr\u00e9sentes Mentions L\u00e9gales.<\/p>\n\n\n\n<p class=\"tw-text-wide\">ARTICLE 1 &#8211; INFORMATIONS L\u00c9GALES<br>En vertu de l&rsquo;Article 6 de la Loi n\u00b0 2004-575 du 21 juin 2004 pour la confiance dans l&rsquo;\u00e9conomie num\u00e9rique, il est pr\u00e9cis\u00e9 dans cet article l&rsquo;identit\u00e9 des diff\u00e9rents intervenants dans le cadre de sa r\u00e9alisation et de son suivi.<br>Le site Le Portfolio est \u00e9dit\u00e9 par : Michel Bayetto<br>ayant son si\u00e8ge social \u00e0 l&rsquo;adresse suivante : 36, rue de Thionville, 75019 Paris, et immatricul\u00e9e au num\u00e9ro suivant :420 220537 00052.<br>T\u00e9l\u00e9phone : 07 50 45 97 43 Adresse e-mail : bayetto@laposte.com<\/p>\n\n\n\n<div class=\"wp-block-columns alignwide is-layout-flex wp-container-core-columns-is-layout-28f84493 wp-block-columns-is-layout-flex\">\n<div class=\"wp-block-column is-layout-flow wp-block-column-is-layout-flow\" style=\"--col-width:100%;flex-basis:100%\">\n<div class=\"wp-block-group\"><div class=\"wp-block-group__inner-container is-layout-flow wp-block-group-is-layout-flow\">\n<p class=\"tw-text-wide\">Ci apr\u00e8s \u00a0\u00bb l&rsquo;\u00c9diteur \u00ab\u00a0<br>Le Directeur de publication est : Michel Bayetto<br>Adresse e-mail de contact : contact@le-portfolio.com<\/p>\n<\/div><\/div>\n<\/div>\n<\/div>\n\n\n\n<p class=\"tw-text-wide\">Ci apr\u00e8s \u00a0\u00bb le Directeur de publication \u00ab\u00a0<br>Le site Le Portfolio est h\u00e9berg\u00e9 par : O.V.H.<br>dont le si\u00e8ge est situ\u00e9 \u00e0 l&rsquo;adresse suivante : 2 rue Kellermann &#8211; 59100 Roubaix &#8211; France.<br>T\u00e9l\u00e9phone : 09 72 10 10 07<br>Adresse e-mail : support@ovh.com.<\/p>\n\n\n\n<p class=\"tw-text-wide\">Ci apr\u00e8s \u00a0\u00bb l&rsquo;H\u00e9bergeur \u00ab\u00a0<br>Sont consid\u00e9r\u00e9s comme utilisateurs tout les internautes qui naviguent, lisent, visionnent et utilisent le site Le Portfolio.<\/p>\n\n\n\n<p class=\"tw-text-wide\">Ci apr\u00e8s les \u00a0\u00bb Utilisateurs \u00ab\u00a0<br>ARTICLE 2 &#8211; ACCESSIBILIT\u00c9<br>Le Site est par principe accessible aux utilisateurs 24\/24h et 7\/7j, sauf interruption, programm\u00e9e ou non, pour des besoins de maintenance ou en cas de force majeure.<br>En cas d&rsquo;impossibilit\u00e9 d&rsquo;acc\u00e8s au Site, celui-ci s&rsquo;engage \u00e0 faire son maximum afin d&rsquo;en r\u00e9tablir l&rsquo;acc\u00e8s. Le Site ne saurait \u00eatre tenu pour responsable de tout dommage, quelle qu&rsquo;en soit la nature, r\u00e9sultant de son indisponibilit\u00e9.<br><br>ARTICLE 3 &#8211; COLLECTE DE DONN\u00c9ES ET LOI INFORMATIQUE ET LIBERT\u00c9S<br>Ce site est d\u00e9clar\u00e9 \u00e0 la Commission Nationale Informatique et Libert\u00e9s (CNIL) sous le num\u00e9ro 2005522.<br>En outre, il est conforme aux dispositions de la Loi 78-17 du 6 janvier 1978 relative \u00e0 l&rsquo;informatique, aux fichiers et aux libert\u00e9s. En vertu de celle-ci l&rsquo;Utilisateur b\u00e9n\u00e9ficie notamment d&rsquo;un droit d&rsquo;opposition (art. 32 et 38), d&rsquo;acc\u00e8s (art. 38 et 39) et de rectification (art. 40) des donn\u00e9es le concernant.<br>Pour faire usage de celui-ci, l&rsquo;Utilisateur doit s&rsquo;adresser \u00e0 l&rsquo;\u00c9diteur en le contactant \u00e0 l&rsquo;adresse suivante : contact@le-portfolio.com, ou par courrier adress\u00e9 au si\u00e8ge social de l&rsquo;\u00c9diteur en pr\u00e9cisant ses nom, pr\u00e9nom(s), adresse et adresse(s) e-mail.<\/p>\n\n\n\n<p class=\"tw-text-wide\">ARTICLE 4 &#8211; LOI APPLICABLE ET JURIDICTION<br>Les pr\u00e9sentes Mentions L\u00e9gales sont r\u00e9gies par la loi fran\u00e7aise. En cas de diff\u00e9rend et \u00e0 d\u00e9faut d&rsquo;accord amiable, le litige sera port\u00e9 devant les tribunaux fran\u00e7ais conform\u00e9ment aux r\u00e8gles de comp\u00e9tence en vigueur.<\/p>\n\n\n\n<p class=\"tw-text-wide\">ARTICLE 5 &#8211; CONTACT<br>Pour tout signalement de contenus ou d&rsquo;activit\u00e9s illicites, l&rsquo;Utilisateur peut contacter l&rsquo;\u00c9diteur \u00e0 l&rsquo;adresse suivante : contact@le-portfolio.com, ou par courrier recommand\u00e9 avec accus\u00e9 de r\u00e9ception adress\u00e9 \u00e0 l&rsquo;\u00c9diteur aux coordonn\u00e9es pr\u00e9cis\u00e9es dans les pr\u00e9sentes mentions l\u00e9gales.<\/p>\n","protected":false},"excerpt":{"rendered":"<p>Conform\u00e9ment aux dispositions des Articles 6-III et 19 de la Loi n\u00b02004-575 du 21 juin 2004 pour la Confiance dans l&rsquo;\u00e9conomie num\u00e9rique, dite L.C.E.N., il est port\u00e9 \u00e0 la connaissance des utilisateurs et visiteurs du site bayetto.com les pr\u00e9sentes mentions l\u00e9gales. Le site Le Portfolio est accessible \u00e0 l&rsquo;adresse suivante : michelbayetto.com. L&rsquo;acc\u00e8s et l&rsquo;utilisation&hellip; <a class=\"more-link\" href=\"https:\/\/michelbayetto.com\/?page_id=1632\">Poursuivre la lecture <span class=\"screen-reader-text\">Mentions l\u00e9gales<\/span><\/a><\/p>\n","protected":false},"author":1,"featured_media":0,"parent":0,"menu_order":0,"comment_status":"closed","ping_status":"closed","template":"","meta":{"footnotes":""},"class_list":["post-1632","page","type-page","status-publish","hentry","entry"],"_links":{"self":[{"href":"https:\/\/michelbayetto.com\/index.php?rest_route=\/wp\/v2\/pages\/1632","targetHints":{"allow":["GET"]}}],"collection":[{"href":"https:\/\/michelbayetto.com\/index.php?rest_route=\/wp\/v2\/pages"}],"about":[{"href":"https:\/\/michelbayetto.com\/index.php?rest_route=\/wp\/v2\/types\/page"}],"author":[{"embeddable":true,"href":"https:\/\/michelbayetto.com\/index.php?rest_route=\/wp\/v2\/users\/1"}],"replies":[{"embeddable":true,"href":"https:\/\/michelbayetto.com\/index.php?rest_route=%2Fwp%2Fv2%2Fcomments&post=1632"}],"version-history":[{"count":0,"href":"https:\/\/michelbayetto.com\/index.php?rest_route=\/wp\/v2\/pages\/1632\/revisions"}],"wp:attachment":[{"href":"https:\/\/michelbayetto.com\/index.php?rest_route=%2Fwp%2Fv2%2Fmedia&parent=1632"}],"curies":[{"name":"wp","href":"https:\/\/api.w.org\/{rel}","templated":true}]}}