{"id":1415,"date":"2022-08-02T12:16:48","date_gmt":"2022-08-02T10:16:48","guid":{"rendered":"https:\/\/michelbayetto.com\/?page_id=1415"},"modified":"2024-06-15T08:22:13","modified_gmt":"2024-06-15T06:22:13","slug":"chlorotides","status":"publish","type":"page","link":"https:\/\/michelbayetto.com\/?page_id=1415","title":{"rendered":"Chlorotide"},"content":{"rendered":"\n<div class=\"wp-block-group alignwide is-vertical is-layout-flex wp-container-core-group-is-layout-fe9cc265 wp-block-group-is-layout-flex\">\n<div class=\"wp-block-group is-nowrap is-layout-flex wp-container-core-group-is-layout-bcde1d39 wp-block-group-is-layout-flex\" style=\"border-style:none;border-width:0px;padding-top:0;padding-right:0;padding-bottom:0;padding-left:0\">\n<div class=\"wp-block-columns is-style-twentytwentyone-columns-overlap has-text-align-left is-layout-flex wp-container-core-columns-is-layout-07b7b7eb wp-block-columns-is-layout-flex\" style=\"padding-top:0;padding-right:0;padding-bottom:0;padding-left:0\">\n<div class=\"wp-block-column is-layout-flow wp-block-column-is-layout-flow\" style=\"--col-width:100%;flex-basis:100%\">\n<div class=\"wp-block-group\"><div class=\"wp-block-group__inner-container is-layout-constrained wp-block-group-is-layout-constrained\">\n<div class=\"wp-block-buttons alignwide has-custom-font-size has-extra-large-font-size is-horizontal is-content-justification-left is-nowrap is-layout-flex wp-container-core-buttons-is-layout-7926b886 wp-block-buttons-is-layout-flex\">\n<div class=\"wp-block-button has-custom-font-size is-style-outline has-extra-small-font-size is-style-outline--1\" id=\"popantrofrancais\"><a class=\"wp-block-button__link has-white-color has-black-background-color has-text-color has-background has-link-color has-text-align-left wp-element-button\" href=\"#chlorofr\" style=\"border-style:none;border-width:0px;padding-top:6px;padding-right:13px;padding-bottom:6px;padding-left:13px\"><strong>EN SAVOIR <\/strong>P<strong>LUS<\/strong>&#8230;<\/a><\/div>\n\n\n\n<div class=\"wp-block-button has-custom-font-size is-style-outline has-extra-small-font-size is-style-outline--2\" id=\"popantrofrancais\"><a class=\"wp-block-button__link has-white-color has-black-background-color has-text-color has-background has-link-color has-text-align-left wp-element-button\" href=\"#chlorogb\" style=\"border-style:none;border-width:0px;padding-top:6px;padding-right:13px;padding-bottom:6px;padding-left:13px\">LEARN MORE&#8230;<\/a><\/div>\n<\/div>\n<\/div><\/div>\n<\/div>\n<\/div>\n\n\n\n<div class=\"wp-block-columns alignfull is-layout-flex wp-container-core-columns-is-layout-28f84493 wp-block-columns-is-layout-flex\">\n<div class=\"wp-block-column is-vertically-aligned-stretch is-layout-flow wp-block-column-is-layout-flow\" style=\"--col-width:100%;flex-basis:100%\">\n<div class=\"wp-block-group alignwide\"><div class=\"wp-block-group__inner-container is-layout-constrained wp-block-group-is-layout-constrained\">\n<div class=\"wp-block-abs-popup-block abs-popup front\" data-open=\"anchor\" data-anchor=\"chlorofr\" data-anchorclose=\"\" data-time=\"\" data-dismiss=\"20\" data-offset=\"\" data-outside=\"true\" data-created=\"G2vpA04bGrk3ZRx6cggrC\"><div class=\"abs-modal-wrap\"><div role=\"presentation\" class=\"overlay\" style=\"background-color:#000000;opacity:0.3\"><\/div><div class=\"modal-content\" style=\"min-width:0;border-radius:0\"><div class=\"modal-header\"><button class=\"close\"><span style=\"font-size:60px;color:#000000;line-height:1\">\u2715<\/span><\/button><\/div><div class=\"modal-body\">\n<div class=\"wp-block-columns alignwide are-vertically-aligned-center is-layout-flex wp-container-core-columns-is-layout-28f84493 wp-block-columns-is-layout-flex\">\n<div class=\"wp-block-column is-vertically-aligned-center is-layout-flow wp-block-column-is-layout-flow\" style=\"--col-width:100%;flex-basis:100%\">\n<div class=\"wp-block-group\"><div class=\"wp-block-group__inner-container is-layout-flow wp-block-group-is-layout-flow\">\n<p>Chlorotide<\/p>\n\n\n\n<p>Et blanc&nbsp;! Cela sonne comme une \u00e9vidence&nbsp;! \u00c0 proprement parler le blanc n&rsquo;est pas une couleur, il est la \u00ab&nbsp;somme \u00bb de toutes les couleurs. Cette s\u00e9rie ouverte se compose pour l\u2019instant de cinq toiles de m\u00eame format (114 x 146 cm). Comme pour Robert Ryman (1930-2019), mon intention n\u2019est pas de peindre du blanc mais de rendre visible d\u2019autres substances de la peinture&nbsp;: la trace, le fond et la forme, la couleur\u2026 sa mat\u00e9rialit\u00e9. La syst\u00e9matisation du format est le vocable limitatif de toute expressivit\u00e9 et cerne la perception de ce mat\u00e9riau.<\/p>\n\n\n\n<p>La technique utilis\u00e9e est mixte &#8211; huile, charbon de bois, acrylique &#8211; pour explorer, plus en-avant, la moelle de la peinture. Le therme de chlorotides d\u00e9signait, notamment, les jeunes femmes phtysiques, au teint p\u00e2le. lE 1<sup>er<\/sup>&nbsp;avril 1897, l\u2019humoriste Alphonse Allais en fait un monochrome blanc intitul\u00e9 \u00ab&nbsp;Premi\u00e8re communion de jeunes filles chlorotiques par un temps de neige \u00bb.<\/p>\n<\/div><\/div>\n<\/div>\n<\/div>\n<\/div><\/div><\/div><\/div>\n\n\n\n<div class=\"wp-block-abs-popup-block abs-popup front\" data-open=\"anchor\" data-anchor=\"chlorogb\" data-anchorclose=\"\" data-time=\"\" data-dismiss=\"20\" data-offset=\"\" data-outside=\"true\" data-created=\"G2vpA04bGrk3ZRx6cggrC\"><div class=\"abs-modal-wrap\"><div role=\"presentation\" class=\"overlay\" style=\"background-color:#000000;opacity:0.3\"><\/div><div class=\"modal-content\" style=\"min-width:0;border-radius:0\"><div class=\"modal-header\"><button class=\"close\"><span style=\"font-size:60px;color:#000000;line-height:1\">\u2715<\/span><\/button><\/div><div class=\"modal-body\">\n<div class=\"wp-block-columns alignwide are-vertically-aligned-center is-layout-flex wp-container-core-columns-is-layout-28f84493 wp-block-columns-is-layout-flex\">\n<div class=\"wp-block-column is-vertically-aligned-center is-layout-flow wp-block-column-is-layout-flow\" style=\"--col-width:100%;flex-basis:100%\">\n<div class=\"wp-block-group\"><div class=\"wp-block-group__inner-container is-layout-flow wp-block-group-is-layout-flow\">\n<p>Chlorotide<\/p>\n\n\n\n<p>So white! This is a given! Correctly speaking, white isn\u2019t a color. It\u2019s the sum of all the colors. At the moment, this open series comprises five canvasses of the same format (114 x 146 cm). Like Robert Ryman (1930-2019), my intention was not to paint using white, but to make other substances than the paint visible: marks, substance and shape, color &#8211; its physicality. The systematization of the format is the limiting sound of any expression and determines the perception of this material.<\/p>\n\n\n\n<p>A mixed technique is used &#8211; oil, charcoal and acrylic &#8211; in order to explore the very core of the painting more deeply.<\/p>\n\n\n\n<p>The term chlorotides was in particular used to identify anemic young women with pale skin. On 1 April 1897, the humorist Alphonse Allais painted a white monochrome entitled \u201cFirst communion of anemic young girls in the snow\u201d.<\/p>\n<\/div><\/div>\n<\/div>\n<\/div>\n<\/div><\/div><\/div><\/div>\n\n\n\n<p><\/p>\n<\/div><\/div>\n<\/div>\n<\/div>\n<\/div>\n<\/div>\n\n\n\n<div class=\"wp-block-group alignwide\"><div class=\"wp-block-group__inner-container is-layout-constrained wp-block-group-is-layout-constrained\">\n\t\t\t\t\t\n\n\t\t\t\t\t<!-- START UNITE GALLERY 1.7.62 -->\n\t\t\t\t\t\n\t\t\t\t\n\t\t\t<div id='unitegallery_15_1' class='unite-gallery' style='margin:0px auto;'>\n\t\t\t\t\n\n\t\t\t\t\t\t<img decoding=\"async\" alt=\"Chlorotide #1 &gt; huile sur toile &gt; 146 x 114 cm &gt; 2020\"\n\t\t\t\t\t\t     src=\"https:\/\/michelbayetto.com\/wp-content\/uploads\/2022\/08\/Chlorotide-4_146x114_2022_BD.jpg\" data-image=\"https:\/\/michelbayetto.com\/wp-content\/uploads\/2022\/08\/Chlorotide-4_146x114_2022_BD.jpg\"\n\t\t\t\t\t\t     title=\"\"\n\t\t\t\t\t\t     style=\"display:none\">\n\n\t\t\t\t\t\t<img decoding=\"async\" alt=\"Chlorotide #3 &gt; huile sur toile &gt; 146 x 114 cm &gt; 2022\"\n\t\t\t\t\t\t     src=\"https:\/\/michelbayetto.com\/wp-content\/uploads\/2022\/08\/Chlorotide-2_146x114_2022_BD_2.jpg\" data-image=\"https:\/\/michelbayetto.com\/wp-content\/uploads\/2022\/08\/Chlorotide-2_146x114_2022_BD_2.jpg\"\n\t\t\t\t\t\t     title=\"\"\n\t\t\t\t\t\t     style=\"display:none\">\n\n\t\t\t\t\t\t<img decoding=\"async\" alt=\"Chlorotide #4 &gt; huile sur toile &gt; 146 x 114 cm &gt; 2022\"\n\t\t\t\t\t\t     src=\"https:\/\/michelbayetto.com\/wp-content\/uploads\/2022\/08\/Chrorotide-3_146x114_2022-_BD.jpg\" data-image=\"https:\/\/michelbayetto.com\/wp-content\/uploads\/2022\/08\/Chrorotide-3_146x114_2022-_BD.jpg\"\n\t\t\t\t\t\t     title=\"\"\n\t\t\t\t\t\t     style=\"display:none\">\n\n\t\t\t\t\t\t<img decoding=\"async\" alt=\"Chlorotide #5 &gt; huile sur toile &gt; 146 x 114 cm &gt; 2022\"\n\t\t\t\t\t\t     src=\"https:\/\/michelbayetto.com\/wp-content\/uploads\/2022\/08\/Chlorotide-51_146x114_2022_BD.jpg\" data-image=\"https:\/\/michelbayetto.com\/wp-content\/uploads\/2022\/08\/Chlorotide-51_146x114_2022_BD.jpg\"\n\t\t\t\t\t\t     title=\"\"\n\t\t\t\t\t\t     style=\"display:none\">\n\n\t\t\t\t\t\t<img decoding=\"async\" alt=\"Chlorotide #2 &gt; techniques mixtes &gt; 146 x 114 cm &gt; 2020\"\n\t\t\t\t\t\t     src=\"https:\/\/michelbayetto.com\/wp-content\/uploads\/2024\/06\/Chlorotide-2_146x114_2020_BD_2.jpg\" data-image=\"https:\/\/michelbayetto.com\/wp-content\/uploads\/2024\/06\/Chlorotide-2_146x114_2020_BD_2.jpg\"\n\t\t\t\t\t\t     title=\"\"\n\t\t\t\t\t\t     style=\"display:none\">\n\t\t\t<\/div>\n\n\t\t\t<script type='text\/javascript'>\n\t\t\t\twindow.onload = function(e) {\n\t\t\t\t\tif(typeof ugCheckForErrors == \"undefined\"){\n\t\t\t\t\t\tdocument.getElementById(\"unitegallery_15_1\").innerHTML = \"<span style='color:red'>Unite Gallery Error - gallery js and css files not included in the footer. Please make sure that wp_footer() function is added to your theme.<\/span>\";}\n\t\t\t\t\telse{ ugCheckForErrors(\"unitegallery_15_1\", \"jquery\");}\n\t\t\t\t};\n\t\t\t<\/script>\n\n\t\t\t<!-- END UNITEGALLERY -->\n<\/div><\/div>\n","protected":false},"excerpt":{"rendered":"","protected":false},"author":1,"featured_media":0,"parent":0,"menu_order":0,"comment_status":"closed","ping_status":"closed","template":"","meta":{"footnotes":""},"class_list":["post-1415","page","type-page","status-publish","hentry","entry"],"_links":{"self":[{"href":"https:\/\/michelbayetto.com\/index.php?rest_route=\/wp\/v2\/pages\/1415","targetHints":{"allow":["GET"]}}],"collection":[{"href":"https:\/\/michelbayetto.com\/index.php?rest_route=\/wp\/v2\/pages"}],"about":[{"href":"https:\/\/michelbayetto.com\/index.php?rest_route=\/wp\/v2\/types\/page"}],"author":[{"embeddable":true,"href":"https:\/\/michelbayetto.com\/index.php?rest_route=\/wp\/v2\/users\/1"}],"replies":[{"embeddable":true,"href":"https:\/\/michelbayetto.com\/index.php?rest_route=%2Fwp%2Fv2%2Fcomments&post=1415"}],"version-history":[{"count":0,"href":"https:\/\/michelbayetto.com\/index.php?rest_route=\/wp\/v2\/pages\/1415\/revisions"}],"wp:attachment":[{"href":"https:\/\/michelbayetto.com\/index.php?rest_route=%2Fwp%2Fv2%2Fmedia&parent=1415"}],"curies":[{"name":"wp","href":"https:\/\/api.w.org\/{rel}","templated":true}]}}